{"id":10112,"date":"2021-03-26T09:45:49","date_gmt":"2021-03-26T08:45:49","guid":{"rendered":"https:\/\/www.sp14.tychy.pl\/?page_id=10112"},"modified":"2021-04-02T01:28:18","modified_gmt":"2021-04-01T23:28:18","slug":"deklaracja-dostepnosci","status":"publish","type":"page","link":"https:\/\/www.sp14.tychy.pl\/?page_id=10112","title":{"rendered":"Deklaracja dost\u0119pno\u015bci Szko\u0142y Podstawowej nr 14 w Tychach"},"content":{"rendered":"\n<p id=\"a11y-wstep\">Szko\u0142a Podstawowa nr 14 z Oddzia\u0142ami Dwuj\u0119zycznymi im. Armii Krajowej&nbsp;zobowi\u0105zuje si\u0119 zapewni\u0107 dost\u0119pno\u015b\u0107 swojej strony internetowej zgodnie z przepisami ustawy z dnia 4&nbsp;kwietnia 2019&nbsp;r. o&nbsp;dost\u0119pno\u015bci cyfrowej stron internetowych i&nbsp;aplikacji mobilnych podmiot\u00f3w publicznych. O\u015bwiadczenie w sprawie dost\u0119pno\u015bci ma zastosowanie do strony internetowej&nbsp;<a href=\"https:\/\/www.sp14.tychy.pl\/\">Szko\u0142y Podstawowej nr 14 w Tychach<\/a>.<\/p>\n\n\n\n<ul><li>Data publikacji strony internetowej:&nbsp;2015-09-01<\/li><li>Data ostatniej istotnej aktualizacji:&nbsp;2020-12-31<\/li><\/ul>\n\n\n\n<h4>Status pod wzgl\u0119dem zgodno\u015bci z ustaw\u0105<\/h4>\n\n\n\n<p>Strona internetowa jest&nbsp;<strong>niezgodna<\/strong>&nbsp;z&nbsp;ustaw\u0105 o&nbsp;dost\u0119pno\u015bci cyfrowej stron internetowych i&nbsp;aplikacji mobilnych podmiot\u00f3w publicznych.<\/p>\n\n\n\n<p>Filmy nie posiadaj\u0105 napis\u00f3w dla os\u00f3b nies\u0142ysz\u0105cych,<br>Nie wszystkie zdj\u0119cia posiadaj\u0105 opis alternatywny,<br>Cz\u0119\u015b\u0107 plik\u00f3w nie jest dost\u0119pnych cyfrowo,<br>Nie wszystkie artyku\u0142y posiadaj\u0105 nag\u0142\u00f3wki &#8222;A&#8221;,<br>Brak mo\u017cliwo\u015bci zmiany kontrastu i wielko\u015bci czcionki.<\/p>\n\n\n\n<p>Cz\u0119\u015b\u0107 tre\u015bci opublikowanych przed 09.2018 wy\u0142\u0105czona jest z obowi\u0105zku zapewniania dost\u0119pno\u015bci,<br>Mapy s\u0105 wy\u0142\u0105czone z obowi\u0105zku zapewniania dost\u0119pno\u015bci,<br>Tre\u015bci wytworzone przez inne podmioty i przekazane do publikacji w formie papierowej lub Skan\u00f3w nie s\u0105 dost\u0119pne z uwagi na brak dost\u0119pu do danych \u017ar\u00f3d\u0142owych,<br>Inne tre\u015bci archiwalne, niewykorzystywane do realizacji bie\u017c\u0105cych zada\u0144 s\u0105 wy\u0142\u0105czone z obowi\u0105zku zapewniania dost\u0119pno\u015bci.<\/p>\n\n\n\n<h4>Przygotowanie deklaracji w sprawie dost\u0119pno\u015bci<\/h4>\n\n\n\n<ul><li>Deklaracj\u0119 sporz\u0105dzono dnia:&nbsp;2021-03-24<\/li><li>Deklaracj\u0119 zosta\u0142a ostatnio poddana przegl\u0105dowi i aktualizacji dnia:&nbsp;2021-03-24<\/li><\/ul>\n\n\n\n<p>Deklaracj\u0119 sporz\u0105dzono na podstawie samooceny.<\/p>\n\n\n\n<h4 id=\"a11y-kontakt\">Informacje zwrotne i dane kontaktowe<\/h4>\n\n\n\n<ul><li>Za rozpatrywanie uwag i wniosk\u00f3w odpowiada:&nbsp;Beata Guzio\u0142ek.<\/li><li>E-mail:&nbsp;sp14@oswiata.tychy.pl<\/li><li>Telefon:&nbsp;32 2273949<\/li><\/ul>\n\n\n\n<p id=\"a11y-procedura\">Ka\u017cdy ma prawo:<\/p>\n\n\n\n<ul><li>zg\u0142osi\u0107 uwagi dotycz\u0105ce dost\u0119pno\u015bci cyfrowej strony lub jej elementu,<\/li><li>zg\u0142osi\u0107 \u017c\u0105danie zapewnienia dost\u0119pno\u015bci cyfrowej strony lub jej elementu,<\/li><li>wnioskowa\u0107 o udost\u0119pnienie niedost\u0119pnej informacji w innej alternatywnej formie.<\/li><\/ul>\n\n\n\n<p>\u017b\u0105danie musi zawiera\u0107:<\/p>\n\n\n\n<ul><li>dane kontaktowe osoby zg\u0142aszaj\u0105cej,<\/li><li>wskazanie strony lub elementu strony, kt\u00f3rej dotyczy \u017c\u0105danie,<\/li><li>wskazanie dogodnej formy udost\u0119pnienia informacji, je\u015bli \u017c\u0105danie dotyczy udost\u0119pnienia w formie alternatywnej informacji niedost\u0119pnej.<\/li><\/ul>\n\n\n\n<p>Rozpatrzenie zg\u0142oszenia powinno nast\u0105pi\u0107 niezw\u0142ocznie, najp\u00f3\u017aniej w ci\u0105gu 7 dni. Je\u015bli w tym terminie zapewnienie dost\u0119pno\u015bci albo zapewnienie dost\u0119pu w alternatywnej formie nie jest mo\u017cliwe, powinno nast\u0105pi\u0107 najdalej w ci\u0105gu 2 miesi\u0119cy od daty zg\u0142oszenia.<\/p>\n\n\n\n<h4>Skargi i odwo\u0142ania<\/h4>\n\n\n\n<p>Na niedotrzymanie tych termin\u00f3w oraz na odmow\u0119 realizacji \u017c\u0105dania mo\u017cna z\u0142o\u017cy\u0107 skarg\u0119 do organu nadzoruj\u0105cego poczt\u0105 lub drog\u0105 elektroniczn\u0105 na adres:<\/p>\n\n\n\n<ul><li>Organ nadzoruj\u0105cy: Dyrektor Szko\u0142y Podstawowej nr 14 w Tychach<\/li><\/ul>\n\n\n\n<p>&#8222;Nazwa organu odwo\u0142awczego&#8221; o\u015bwiadcza, \u017ce ka\u017cdy ma prawo do wyst\u0105pienia z \u017c\u0105daniem zapewnienia dost\u0119pno\u015bci cyfrowej strony internetowej, aplikacji mobilnej lub jakiego\u015b ich elementu. Mo\u017cna tak\u017ce za\u017c\u0105da\u0107 udost\u0119pnienia informacji za pomoc\u0105 alternatywnego sposobu dost\u0119pu, na przyk\u0142ad przez odczytanie niedost\u0119pnego cyfrowo dokumentu, opisanie zawarto\u015bci filmu bez audiodeskrypcji itp. \u017b\u0105danie powinno zawiera\u0107 dane osoby zg\u0142aszaj\u0105cej \u017c\u0105danie, wskazanie, o kt\u00f3r\u0105 stron\u0119 internetow\u0105 lub aplikacj\u0119 mobiln\u0105 chodzi oraz spos\u00f3b kontaktu. Je\u017celi osoba \u017c\u0105daj\u0105ca zg\u0142asza potrzeb\u0119 otrzymania informacji za pomoc\u0105 alternatywnego sposobu dost\u0119pu, powinna tak\u017ce okre\u015bli\u0107 dogodny dla niej spos\u00f3b przedstawienia tej informacji. Podmiot publiczny powinien zrealizowa\u0107 \u017c\u0105danie niezw\u0142ocznie, nie p\u00f3\u017aniej ni\u017c w ci\u0105gu 7 dni od dnia wyst\u0105pienia z \u017c\u0105daniem. Je\u017celi dotrzymanie tego terminu nie jest mo\u017cliwe, podmiot publiczny niezw\u0142ocznie informuje o tym wnosz\u0105cego \u017c\u0105danie, kiedy realizacja \u017c\u0105dania b\u0119dzie mo\u017cliwa, przy czym termin ten nie mo\u017ce by\u0107 d\u0142u\u017cszy ni\u017c 2 miesi\u0105ce od dnia wyst\u0105pienia z \u017c\u0105daniem. Je\u017celi zapewnienie dost\u0119pno\u015bci cyfrowej nie jest mo\u017cliwe, podmiot publiczny mo\u017ce zaproponowa\u0107 alternatywny spos\u00f3b dost\u0119pu do informacji. W przypadku, gdy podmiot publiczny odm\u00f3wi realizacji \u017c\u0105dania zapewnienia dost\u0119pno\u015bci lub alternatywnego sposobu dost\u0119pu do informacji, wnosz\u0105cy \u017c\u0105danie mo\u017cne z\u0142o\u017cy\u0107 skarg\u0119 w sprawie zapewniana dost\u0119pno\u015bci cyfrowej strony internetowej, aplikacji mobilnej lub elementu strony internetowej, lub aplikacji mobilnej. Po wyczerpaniu wskazanej wy\u017cej procedury mo\u017cna tak\u017ce z\u0142o\u017cy\u0107 wniosek do&nbsp;<a href=\"https:\/\/www.rpo.gov.pl\/content\/jak-zglosic-sie-do-rzecznika-praw-obywatelskich\">Rzecznika Praw Obywatelskich.<\/a><\/p>\n\n\n\n<h4 id=\"a11y-architektura\">Dost\u0119pno\u015b\u0107 architektoniczna<\/h4>\n\n\n\n<p id=\"etykiet\">Adres plac\u00f3wki: Brzozowa 24, 43-100 Tychy<br><br>Plac\u00f3wka dysponuje jednym budynkiem, niedostosowanymi do poruszania si\u0119 os\u00f3b z niepe\u0142nosprawno\u015bci\u0105. W sytuacji zg\u0142oszenia potrzeby, mo\u017cliwa jest pomoc pracownik\u00f3w przy wej\u015bciu do budynku.<br>Plac\u00f3wka nie posiada miejsc parkingowych, w okolicy znajduje si\u0119 parking miejski z wyznaczonym miejscem dla os\u00f3b niepe\u0142nosprawnych.<br>W budynku brak jest p\u0119tli indukcyjnych.<br>Do cz\u0119\u015bci budynku dopuszcza si\u0119 dost\u0119p os\u00f3b z psem asystuj\u0105cym.<br>Plac\u00f3wka posiada mo\u017cliwo\u015bci wsparcia osob\u0105 pos\u0142uguj\u0105ca si\u0119 j\u0119zykiem migowym lub j\u0119zykiem Braille\u2019a. Potrzeb\u0119 wsparcia nale\u017cy zg\u0142asza\u0107 trzy dni wcze\u015bniej.<br>Plac\u00f3wka dopuszcza metody kontaktu poprzez telefon, email, korespondencj\u0119 tradycyjn\u0105.<\/p>\n","protected":false},"excerpt":{"rendered":"<p>Szko\u0142a Podstawowa nr 14 z Oddzia\u0142ami Dwuj\u0119zycznymi im. Armii Krajowej&nbsp;zobowi\u0105zuje si\u0119 zapewni\u0107 dost\u0119pno\u015b\u0107 swojej strony internetowej zgodnie z przepisami ustawy z dnia 4&nbsp;kwietnia 2019&nbsp;r. o&nbsp;dost\u0119pno\u015bci cyfrowej stron internetowych i&nbsp;aplikacji mobilnych podmiot\u00f3w publicznych. O\u015bwiadczenie w sprawie dost\u0119pno\u015bci ma zastosowanie do strony internetowej&nbsp;Szko\u0142y Podstawowej nr 14 w Tychach. Data publikacji strony internetowej:&nbsp;2015-09-01 Data ostatniej istotnej aktualizacji:&nbsp;2020-12-31 Status [&hellip;]<\/p>\n","protected":false},"author":16,"featured_media":0,"parent":0,"menu_order":0,"comment_status":"closed","ping_status":"closed","template":"","meta":{"_mi_skip_tracking":false},"_links":{"self":[{"href":"https:\/\/www.sp14.tychy.pl\/index.php?rest_route=\/wp\/v2\/pages\/10112"}],"collection":[{"href":"https:\/\/www.sp14.tychy.pl\/index.php?rest_route=\/wp\/v2\/pages"}],"about":[{"href":"https:\/\/www.sp14.tychy.pl\/index.php?rest_route=\/wp\/v2\/types\/page"}],"author":[{"embeddable":true,"href":"https:\/\/www.sp14.tychy.pl\/index.php?rest_route=\/wp\/v2\/users\/16"}],"replies":[{"embeddable":true,"href":"https:\/\/www.sp14.tychy.pl\/index.php?rest_route=%2Fwp%2Fv2%2Fcomments&post=10112"}],"version-history":[{"count":5,"href":"https:\/\/www.sp14.tychy.pl\/index.php?rest_route=\/wp\/v2\/pages\/10112\/revisions"}],"predecessor-version":[{"id":10368,"href":"https:\/\/www.sp14.tychy.pl\/index.php?rest_route=\/wp\/v2\/pages\/10112\/revisions\/10368"}],"wp:attachment":[{"href":"https:\/\/www.sp14.tychy.pl\/index.php?rest_route=%2Fwp%2Fv2%2Fmedia&parent=10112"}],"curies":[{"name":"wp","href":"https:\/\/api.w.org\/{rel}","templated":true}]}}