{"id":20604,"date":"2023-09-04T01:47:52","date_gmt":"2023-09-03T23:47:52","guid":{"rendered":"https:\/\/www.sp14.tychy.pl\/?page_id=20604"},"modified":"2023-09-06T17:53:24","modified_gmt":"2023-09-06T15:53:24","slug":"zajecia-dodatkowe","status":"publish","type":"page","link":"https:\/\/www.sp14.tychy.pl\/?page_id=20604","title":{"rendered":"zaj\u0119cia dodatkowe"},"content":{"rendered":"\n<p>Lista firm organizuj\u0105cych p\u0142atne zaj\u0119cia dodatkowe dla uczni\u00f3w SP14:<\/p>\n\n\n\n<div class=\"is-layout-constrained wp-block-group\"><div class=\"wp-block-group__inner-container\">\n<ul>\n<li>Klub zdrowie (p\u0142ywanie) &#8211; <a href=\"https:\/\/www.klubzdrowie.pl\/\">https:\/\/www.klubzdrowie.pl\/<\/a><\/li>\n\n\n\n<li>Magic Sport (taniec) &#8211; <a rel=\"noreferrer noopener\" href=\"https:\/\/magic-sport.com.pl\" target=\"_blank\">https:\/\/magic-sport.com.pl<\/a><\/li>\n\n\n\n<li>UKS Grom (pi\u0142ka no\u017cna) &#8211; <a href=\"https:\/\/grom.tychy.pl\/\">https:\/\/grom.tychy.pl\/<\/a><\/li>\n\n\n\n<li>Yokokan Kendo (sztuki walki) &#8211;  <a href=\"https:\/\/www.familyhouse.info\/\">https:\/\/www.familyhouse.info\/<\/a><\/li>\n\n\n\n<li>Zaj\u0119cia z druku 3d &#8211; <a rel=\"noreferrer noopener\" href=\"https:\/\/silesia3d.pl\/\" target=\"_blank\">https:\/\/silesia3d.pl\/<\/a><\/li>\n<\/ul>\n<\/div><\/div>\n\n\n\n<p><\/p>\n","protected":false},"excerpt":{"rendered":"<p>Lista firm organizuj\u0105cych p\u0142atne zaj\u0119cia dodatkowe dla uczni\u00f3w SP14:<\/p>\n","protected":false},"author":1,"featured_media":0,"parent":0,"menu_order":0,"comment_status":"closed","ping_status":"closed","template":"","meta":{"_mi_skip_tracking":false},"_links":{"self":[{"href":"https:\/\/www.sp14.tychy.pl\/index.php?rest_route=\/wp\/v2\/pages\/20604"}],"collection":[{"href":"https:\/\/www.sp14.tychy.pl\/index.php?rest_route=\/wp\/v2\/pages"}],"about":[{"href":"https:\/\/www.sp14.tychy.pl\/index.php?rest_route=\/wp\/v2\/types\/page"}],"author":[{"embeddable":true,"href":"https:\/\/www.sp14.tychy.pl\/index.php?rest_route=\/wp\/v2\/users\/1"}],"replies":[{"embeddable":true,"href":"https:\/\/www.sp14.tychy.pl\/index.php?rest_route=%2Fwp%2Fv2%2Fcomments&post=20604"}],"version-history":[{"count":4,"href":"https:\/\/www.sp14.tychy.pl\/index.php?rest_route=\/wp\/v2\/pages\/20604\/revisions"}],"predecessor-version":[{"id":20683,"href":"https:\/\/www.sp14.tychy.pl\/index.php?rest_route=\/wp\/v2\/pages\/20604\/revisions\/20683"}],"wp:attachment":[{"href":"https:\/\/www.sp14.tychy.pl\/index.php?rest_route=%2Fwp%2Fv2%2Fmedia&parent=20604"}],"curies":[{"name":"wp","href":"https:\/\/api.w.org\/{rel}","templated":true}]}}