{"id":24,"date":"2017-08-15T23:53:32","date_gmt":"2017-08-15T21:53:32","guid":{"rendered":"http:\/\/www.sp14.tychy.pl\/?page_id=24"},"modified":"2020-02-26T11:59:48","modified_gmt":"2020-02-26T10:59:48","slug":"obwod-szkoly","status":"publish","type":"page","link":"https:\/\/www.sp14.tychy.pl\/?page_id=24","title":{"rendered":"Obw\u00f3d szko\u0142y"},"content":{"rendered":"<p>Dzieci rozpoczynaj\u0105ce edukacj\u0119 przyjmowane b\u0119d\u0105 do klas pierwszych w szkole, w obwodzie kt\u00f3rej zamieszkuj\u0105.<\/p>\n<p><center><iframe loading=\"lazy\" src=\"https:\/\/www.google.com\/maps\/d\/embed?mid=10SOEwC6TLCHYwgzsf_4YVlo7j5E\" width=\"790\" height=\"580\"><\/iframe><\/center><\/p>\n","protected":false},"excerpt":{"rendered":"<p>Dzieci rozpoczynaj\u0105ce edukacj\u0119 przyjmowane b\u0119d\u0105 do klas pierwszych w szkole, w obwodzie kt\u00f3rej zamieszkuj\u0105.<\/p>\n","protected":false},"author":1,"featured_media":0,"parent":2,"menu_order":0,"comment_status":"closed","ping_status":"closed","template":"","meta":{"_mi_skip_tracking":false},"_links":{"self":[{"href":"https:\/\/www.sp14.tychy.pl\/index.php?rest_route=\/wp\/v2\/pages\/24"}],"collection":[{"href":"https:\/\/www.sp14.tychy.pl\/index.php?rest_route=\/wp\/v2\/pages"}],"about":[{"href":"https:\/\/www.sp14.tychy.pl\/index.php?rest_route=\/wp\/v2\/types\/page"}],"author":[{"embeddable":true,"href":"https:\/\/www.sp14.tychy.pl\/index.php?rest_route=\/wp\/v2\/users\/1"}],"replies":[{"embeddable":true,"href":"https:\/\/www.sp14.tychy.pl\/index.php?rest_route=%2Fwp%2Fv2%2Fcomments&post=24"}],"version-history":[{"count":3,"href":"https:\/\/www.sp14.tychy.pl\/index.php?rest_route=\/wp\/v2\/pages\/24\/revisions"}],"predecessor-version":[{"id":22853,"href":"https:\/\/www.sp14.tychy.pl\/index.php?rest_route=\/wp\/v2\/pages\/24\/revisions\/22853"}],"up":[{"embeddable":true,"href":"https:\/\/www.sp14.tychy.pl\/index.php?rest_route=\/wp\/v2\/pages\/2"}],"wp:attachment":[{"href":"https:\/\/www.sp14.tychy.pl\/index.php?rest_route=%2Fwp%2Fv2%2Fmedia&parent=24"}],"curies":[{"name":"wp","href":"https:\/\/api.w.org\/{rel}","templated":true}]}}