{"id":35,"date":"2017-08-16T00:07:49","date_gmt":"2017-08-15T22:07:49","guid":{"rendered":"http:\/\/www.sp14.tychy.pl\/?page_id=35"},"modified":"2023-03-17T10:30:19","modified_gmt":"2023-03-17T09:30:19","slug":"o-szkole","status":"publish","type":"page","link":"https:\/\/www.sp14.tychy.pl\/?page_id=35","title":{"rendered":"O SZKOLE"},"content":{"rendered":"<p style=\"background: white; margin: 0cm 0cm 7.5pt 0cm;\"><span style=\"font-size: 10.5pt; font-family: 'Arial',sans-serif; color: #555555;\">Chcesz, aby Twoje dziecko zdobywa\u0142o wiedz\u0119 i jednocze\u015bnie rozwija\u0142o swoje zainteresowania?<br \/>\nSzukasz dla niego szko\u0142y \u017cyczliwej i bezpiecznej, otwartej na potrzeby i oczekiwania rodzic\u00f3w?<br \/>\nJe\u015bli tak, to pozosta\u0144 na tej stronie i przeczytaj.<\/span><\/p>\n<p style=\"background: white; margin: 0cm 0cm 7.5pt 0cm;\"><span style=\"font-size: 10.5pt; font-family: 'Arial',sans-serif; color: #555555;\">Nasza szko\u0142a to ponad sze\u015b\u0107dziesi\u0105t lat tradycji i historii. To miejsce szczeg\u00f3lne, w kt\u00f3rym wiedz\u0119 zdobywa\u0142o kilka pokole\u0144 mieszka\u0144c\u00f3w Tych\u00f3w i okolic. Od lat sze\u015b\u0107dziesi\u0105tych w naszym budynku dzia\u0142a\u0142a Szko\u0142a Podstawowa nr 14. Na jej bazie w 1999 r. powsta\u0142o gimnazjum, kt\u00f3re nosi\u0142o zaszczytne miano Armii Krajowej, co wytycza\u0142o g\u0142\u00f3wne cele dzia\u0142alno\u015bci wychowawczej. Od pocz\u0105tku istnienia gimnazjum starali\u015bmy si\u0119 zapewni\u0107 naszym uczniom \u015bwietne warunki do nauki oraz mi\u0142\u0105 atmosfer\u0119 i poczucie bezpiecze\u0144stwa. Od wrze\u015bnia 2017 r. ponownie dzia\u0142a Szko\u0142a Podstawowa nr 14 z Oddzia\u0142ami Dwuj\u0119zycznymi im. Armii Krajowej.<\/span><\/p>\n<p style=\"background: white; margin: 0cm 0cm 7.5pt 0cm;\"><strong><span style=\"font-size: 10.5pt; font-family: 'Arial',sans-serif; color: blue;\">Dlaczego nasza szko\u0142a?<\/span><\/strong><span style=\"font-size: 10.5pt; font-family: 'Arial',sans-serif; color: #555555;\"><br \/>\n\u2013 Budynek znajduje si\u0119 w spokojnej okolicy, jest otoczony zieleni\u0105 \u2013 to \u201eszko\u0142a w ogrodzie\u201d (brali\u015bmy udzia\u0142 w programie telewizyjnym \u201eMaja w ogrodzie\u201d)<br \/>\n\u2013 Charakteryzuje nas indywidualne podej\u015bcie do ka\u017cdego ucznia.<br \/>\n\u2013 Mamy certyfikaty m. in. \u201eSzko\u0142y w ruchu\u201d, \u201eSzko\u0142y Promuj\u0105cej Zdrowie\u201d, \u201eBezpiecznej szko\u0142y\u201d, \u201eSzko\u0142y w Chmurze\u201d<br \/>\n\u2013 Tradycj\u0105 szko\u0142y jest organizowanie imprez szkolnych i pozaszkolnych, takich jak Pasowanie Pierwszoklasist\u00f3w, Dzie\u0144 \u015al\u0105ski, Kiermasz Bo\u017conarodzeniowy, Dni Patrona, Konkurs Mitologiczny, Dni Otwarte, Warsztaty Zdrowia, wsp\u00f3\u0142praca mi\u0119dzynarodowa w ramach projekt\u00f3w Erasmus+, Obozy \u017beglarskie, uroczysto\u015bci rocznicowych zwi\u0105zanych z histori\u0105 naszej ojczyzny.<\/span><\/p>\n<p style=\"background: white; margin: 0cm 0cm 7.5pt 0cm;\"><strong><span style=\"font-size: 10.5pt; font-family: 'Arial',sans-serif; color: blue;\">Oferta:<\/span><\/strong><span style=\"font-size: 10.5pt; font-family: 'Arial',sans-serif; color: #555555;\"><br \/>\n\u2022 bardzo dobre warunki lokalowe (wyremontowane i \u015bwietnie wyposa\u017cone wszystkie pomieszczenia),<br \/>\n\u2022 dost\u0119p do internetu w ca\u0142ej szkole, komputery i rzutniki w ka\u017cdej sali, 9 tablic interaktywnych,<br \/>\n\u2022 dziennik elektroniczny (bezp\u0142atny i w pe\u0142ni dost\u0119pny dla ka\u017cdego rodzica),<br \/>\n\u2022 do wyboru j\u0119zyk angielski, niemiecki i hiszpa\u0144ski,<br \/>\n\u2022 programy dydaktyczno- wychowawcze, kt\u00f3re zak\u0142adaj\u0105 rozwijanie zainteresowa\u0144 dzieci z naciskiem na indywidualizacj\u0119 pracy,<br \/>\n\u2022 \u017cyczliw\u0105 opiek\u0119, kt\u00f3r\u0105 zapewnia dzieciom ka\u017cdy pracownik szko\u0142y,<br \/>\n\u2022 bezpieczn\u0105 atmosfer\u0119 sprzyjaj\u0105c\u0105 osi\u0105ganiu sukces\u00f3w oraz budowania u dzieci poczucia w\u0142asnej warto\u015bci,<br \/>\n\u2022 do\u015bwiadczon\u0105 kadr\u0119 pedagogiczn\u0105 gwarantuj\u0105c\u0105 wyr\u00f3wnywanie szans edukacyjnych dzieci,<br \/>\n\u2022 nacisk na rozwijanie tw\u00f3rczego my\u015blenia, analitycznego podej\u015bcia do rzeczywisto\u015bci i czynny udzia\u0142 w \u017cyciu kulturalnym ,,ma\u0142ej ojczyzny\u201d,<br \/>\n\u2022 opanowanie j\u0119zyka obcego i umiej\u0119tno\u015bci pos\u0142ugiwania si\u0119 komputerem.<\/span><\/p>\n<p style=\"background: white; margin: 0cm 0cm 7.5pt 0cm;\"><strong><span style=\"font-size: 10.5pt; font-family: 'Arial',sans-serif; color: blue;\">Nauka jest najwa\u017cniejsza, ale opr\u00f3cz efektywnej nauki proponujemy:<\/span><\/strong><span style=\"font-size: 10.5pt; font-family: 'Arial',sans-serif; color: #555555;\"><br \/>\n\u2013 \u015awietlic\u0119 szkoln\u0105, kt\u00f3ra zapewnia opiek\u0119 w czasie oczekiwania na zaj\u0119cia, a tak\u017ce po ich zako\u0144czeniu. Dodatkowe pomieszczenia \u015bwietlicowe dla uczni\u00f3w klas pierwszych, a opieka w nich zgodna z potrzebami rodzic\u00f3w.<br \/>\nAby nauka by\u0142a przyjemna, a chodzenie do szko\u0142y nie tylko i wy\u0142\u0105cznie obowi\u0105zkiem, dysponujemy m. in.:<br \/>\n\u2013 trzema pracowniami komputerowymi (w tym dwie mobilne)\u2013 20, 20 i 10 stanowisk<\/span><span style=\"font-size: 10.5pt; font-family: 'Arial',sans-serif; color: red;\">\u00a0<\/span><span style=\"font-size: 10.5pt; font-family: 'Arial',sans-serif; color: #555555;\">(z komputer\u00f3w i dost\u0119pu do Internetu mo\u017cna r\u00f3wnie\u017c korzysta\u0107 w centrum multimedialnym przy szkolnej bibliotece),<br \/>\n\u2013 bardzo dobrze wyposa\u017conymi salami lekcyjnymi, szczeg\u00f3lnie bogat\u0105 w r\u00f3\u017cnorodne nowoczesne pomoce naukowe, pracowni\u0105 biologiczn\u0105, a tak\u017ce geograficzn\u0105, fizyczn\u0105, chemiczn\u0105, j\u0119zykow\u0105, matematyczn\u0105 i polonistyczn\u0105 oraz historyczn\u0105 \u2013 wyposa\u017conymi w tablice interaktywne,<br \/>\n\u2013 indywidualne wygodne szafki dla uczni\u00f3w,<br \/>\n\u2013 zaj\u0119cia sportowe odbywaj\u0105 si\u0119 w salach gimnastycznych (du\u017cej i ma\u0142ej) i na wielofunkcyjnym boisku tartanowym oraz na innych miejskich obiektach sportowych.<br \/>\n\u2013 niekt\u00f3re lekcje historii realizowane s\u0105 w Muzeum \u015al\u0105skiego Wrze\u015bnia 1939 r. (w szkolnym schronie), a lekcje biologii m. in. w przyszkolnym ogrodzie,<br \/>\n<\/span><span style=\"font-size: 10.5pt; font-family: 'Arial',sans-serif; color: #555555;\">&#8211; nasi uczniowie odbywaj\u0105 zaj\u0119cia nie tylko w szkole, ale r\u00f3wnie\u017c w innych plac\u00f3wkach dydaktycznych: teatrach, kinach, muzeach, planetariach, ogrodach botanicznych, skansenach, centrach nauki<br \/>\nChcemy, aby ka\u017cdy z naszych uczni\u00f3w czu\u0142 si\u0119 u nas bezpiecznie. Bezpiecze\u0144stwo uczni\u00f3w zapewniamy w oparciu o uzgodnione z rodzicami procedury oraz rozbudowany monitoring wizyjny wewn\u0119trzny i zewn\u0119trzny (26 kamer). Szko\u0142a na czas lekcji jest zamkni\u0119ta, co w zdecydowany spos\u00f3b zwi\u0119ksza bezpiecze\u0144stwo uczni\u00f3w. Wyr\u00f3\u017cnia nas ilo\u015b\u0107 zatrudnionych m\u0119\u017cczyzn, na 56 pedagog\u00f3w 12 to m\u0119\u017cczy\u017ani.<\/span><\/p>\n<p style=\"background: white; margin: 0cm 0cm 7.5pt 0cm;\"><span style=\"font-size: 10.5pt; font-family: 'Arial',sans-serif; color: #555555;\">Przeczytali\u015bcie Pa\u0144stwo t\u0119 ofert\u0119 tak jak inne. Zastanawiacie si\u0119, czy to wszystko prawda. Przyjd\u017acie do nas i zobaczcie. Napiszcie, a odpowiemy. Nie o wszystkim zdo\u0142ali\u015bmy tutaj napisa\u0107. Odwied\u017acie te\u017c nasz\u0105 stron\u0119 i fanpage na FB, poznacie lepiej nasz\u0105 szko\u0142\u0119, a tak\u017ce pracuj\u0105cych tu nauczycieli \u2013 pasjonat\u00f3w.<\/span><\/p>\n","protected":false},"excerpt":{"rendered":"<p>Chcesz, aby Twoje dziecko zdobywa\u0142o wiedz\u0119 i jednocze\u015bnie rozwija\u0142o swoje zainteresowania? Szukasz dla niego szko\u0142y \u017cyczliwej i bezpiecznej, otwartej na potrzeby i oczekiwania rodzic\u00f3w? Je\u015bli tak, to pozosta\u0144 na tej stronie i przeczytaj. Nasza szko\u0142a to ponad sze\u015b\u0107dziesi\u0105t lat tradycji i historii. To miejsce szczeg\u00f3lne, w kt\u00f3rym wiedz\u0119 zdobywa\u0142o kilka pokole\u0144 mieszka\u0144c\u00f3w Tych\u00f3w i okolic. [&hellip;]<\/p>\n","protected":false},"author":1,"featured_media":0,"parent":0,"menu_order":1,"comment_status":"closed","ping_status":"closed","template":"","meta":{"_mi_skip_tracking":false},"_links":{"self":[{"href":"https:\/\/www.sp14.tychy.pl\/index.php?rest_route=\/wp\/v2\/pages\/35"}],"collection":[{"href":"https:\/\/www.sp14.tychy.pl\/index.php?rest_route=\/wp\/v2\/pages"}],"about":[{"href":"https:\/\/www.sp14.tychy.pl\/index.php?rest_route=\/wp\/v2\/types\/page"}],"author":[{"embeddable":true,"href":"https:\/\/www.sp14.tychy.pl\/index.php?rest_route=\/wp\/v2\/users\/1"}],"replies":[{"embeddable":true,"href":"https:\/\/www.sp14.tychy.pl\/index.php?rest_route=%2Fwp%2Fv2%2Fcomments&post=35"}],"version-history":[{"count":4,"href":"https:\/\/www.sp14.tychy.pl\/index.php?rest_route=\/wp\/v2\/pages\/35\/revisions"}],"predecessor-version":[{"id":18880,"href":"https:\/\/www.sp14.tychy.pl\/index.php?rest_route=\/wp\/v2\/pages\/35\/revisions\/18880"}],"wp:attachment":[{"href":"https:\/\/www.sp14.tychy.pl\/index.php?rest_route=%2Fwp%2Fv2%2Fmedia&parent=35"}],"curies":[{"name":"wp","href":"https:\/\/api.w.org\/{rel}","templated":true}]}}