{"id":4297,"date":"2019-03-04T09:18:58","date_gmt":"2019-03-04T08:18:58","guid":{"rendered":"https:\/\/www.sp14.tychy.pl\/?page_id=4297"},"modified":"2024-01-25T12:31:03","modified_gmt":"2024-01-25T11:31:03","slug":"klasy-i","status":"publish","type":"page","link":"https:\/\/www.sp14.tychy.pl\/?page_id=4297","title":{"rendered":"Klasy I"},"content":{"rendered":"\n<p><strong>Rekrutacja <\/strong>dziecka do <strong>klasy I<\/strong> szk\u00f3\u0142 podstawowych na rok szkolny 2024\/2025<\/p>\n\n\n\n<p>Link do rekrutacji &#8211; <a href=\"http:\/\/sp-tychy.nabory.pl\/\" data-type=\"URL\" data-id=\"sp-tychy.nabory.pl\/\">https:\/\/sp-tychy.nabory.pl<\/a>\/<\/p>\n\n\n\n<p><strong>Wa\u017cne terminy<\/strong><\/p>\n\n\n\n<figure class=\"wp-block-table\"><table><tbody><tr><td><strong>Etap rekrutacji<\/strong><\/td><td><strong>Termin<br>w post\u0119powaniu rekrutacyjnym<\/strong><\/td><\/tr><tr><td>Przyjmowanie<strong> ZG\u0141OSZE\u0143 od rodzic\u00f3w kandydat\u00f3w zamieszka\u0142ych w obwodzie szko\u0142y i WNIOSK\u00d3W<\/strong><\/td><td>od <strong>13 lutego 2024 r. <\/strong>od <strong>godz. 8:00<\/strong><br>do <strong>29 lutego 2024 r. <\/strong>do <strong>godz. 15:00<\/strong><\/td><\/tr><tr><td>Og\u0142oszenie listy kandydat\u00f3w zakwalifikowanych<br>i niezakwalifikowanych<\/td><td><strong>22 marca 2024 r.<\/strong><br><strong>do godz. 14:00<\/strong><\/td><\/tr><tr><td>Potwierdzenie przez Rodzic\u00f3w dziecka woli ucz\u0119szczania do wybranej szko\u0142y podstawowej<\/td><td><strong><strong>do\u00a0 3 kwietnia 2024 r.<\/strong><br><strong>do godz. 12:00<\/strong><\/strong><\/td><\/tr><tr><td>Og\u0142oszenie listy kandydat\u00f3w przyj\u0119tych i nieprzyj\u0119tych<\/td><td><strong>3 kwietnia 2024 r.<\/strong><br><strong>do godz.15:00<\/strong><\/td><\/tr><\/tbody><\/table><\/figure>\n\n\n\n<p><br><\/p>\n\n\n\n<p>Aby zapisa\u0107 dziecko do szko\u0142y spoza obwodu nale\u017cy wype\u0142ni\u0107 elektroniczny formularz <strong>WNIOSKU<\/strong>, wydrukowa\u0107 formularz i z\u0142o\u017cy\u0107 w szkole wpisanej na pierwszym miejscu w terminie <strong>od dnia 13 lutego 2024 r. godz. 8:00 do dnia 29 lutego 2024 r. do godz. 15:00<\/strong><\/p>\n\n\n\n<p>We wniosku mo\u017cna wskaza\u0107 od 1 do 3 szk\u00f3\u0142, w kolejno\u015bci zgodnej z preferencjami. Przyj\u0119cie dziecka do wybranej szko\u0142y spoza obwodu b\u0119dzie uzale\u017cnione od liczby wolnych miejsc w tej szkole oraz spe\u0142niania przez dziecko kryterium rekrutacji.<\/p>\n\n\n\n<p><br><\/p>\n\n\n\n<figure class=\"wp-block-table\"><table><tbody><tr><td><strong>Kryterium<\/strong> zgodnie z &nbsp;Uchwa\u0142\u0105 nr XLIV\/723\/18 Rady Miasta Tychy z dnia 25 stycznia 2018 r.<\/td><td><strong>Liczba punkt\u00f3w<\/strong><\/td><\/tr><tr><td>Kandydat, kt\u00f3rego rodze\u0144stwo ucz\u0119szcza do szko\u0142y \/ oddzia\u0142u przedszkolnego \/ przedszkola w zespole<\/td><td>10 &nbsp;pkt<\/td><\/tr><\/tbody><\/table><\/figure>\n\n\n\n<p><br><\/p>\n\n\n\n<p>Nale\u017cy pami\u0119ta\u0107, \u017ce z\u0142o\u017cenie wniosku nie gwarantuje przyj\u0119cia dziecka do wybranej szko\u0142y.<\/p>\n\n\n\n<p><\/p>\n\n\n\n<p><\/p>\n\n\n\n<p><br><\/p>\n","protected":false},"excerpt":{"rendered":"<p>Rekrutacja dziecka do klasy I szk\u00f3\u0142 podstawowych na rok szkolny 2024\/2025 Link do rekrutacji &#8211; https:\/\/sp-tychy.nabory.pl\/ Wa\u017cne terminy Etap rekrutacji Terminw post\u0119powaniu rekrutacyjnym Przyjmowanie ZG\u0141OSZE\u0143 od rodzic\u00f3w kandydat\u00f3w zamieszka\u0142ych w obwodzie szko\u0142y i WNIOSK\u00d3W od 13 lutego 2024 r. od godz. 8:00do 29 lutego 2024 r. do godz. 15:00 Og\u0142oszenie listy kandydat\u00f3w zakwalifikowanychi niezakwalifikowanych 22 [&hellip;]<\/p>\n","protected":false},"author":1,"featured_media":0,"parent":0,"menu_order":0,"comment_status":"closed","ping_status":"closed","template":"","meta":{"_mi_skip_tracking":false},"_links":{"self":[{"href":"https:\/\/www.sp14.tychy.pl\/index.php?rest_route=\/wp\/v2\/pages\/4297"}],"collection":[{"href":"https:\/\/www.sp14.tychy.pl\/index.php?rest_route=\/wp\/v2\/pages"}],"about":[{"href":"https:\/\/www.sp14.tychy.pl\/index.php?rest_route=\/wp\/v2\/types\/page"}],"author":[{"embeddable":true,"href":"https:\/\/www.sp14.tychy.pl\/index.php?rest_route=\/wp\/v2\/users\/1"}],"replies":[{"embeddable":true,"href":"https:\/\/www.sp14.tychy.pl\/index.php?rest_route=%2Fwp%2Fv2%2Fcomments&post=4297"}],"version-history":[{"count":28,"href":"https:\/\/www.sp14.tychy.pl\/index.php?rest_route=\/wp\/v2\/pages\/4297\/revisions"}],"predecessor-version":[{"id":22317,"href":"https:\/\/www.sp14.tychy.pl\/index.php?rest_route=\/wp\/v2\/pages\/4297\/revisions\/22317"}],"wp:attachment":[{"href":"https:\/\/www.sp14.tychy.pl\/index.php?rest_route=%2Fwp%2Fv2%2Fmedia&parent=4297"}],"curies":[{"name":"wp","href":"https:\/\/api.w.org\/{rel}","templated":true}]}}