{"id":4299,"date":"2022-02-07T14:40:00","date_gmt":"2022-02-07T13:40:00","guid":{"rendered":"https:\/\/www.sp14.tychy.pl\/?page_id=4299"},"modified":"2024-03-18T10:36:33","modified_gmt":"2024-03-18T09:36:33","slug":"klasy-iv-i-vii","status":"publish","type":"page","link":"https:\/\/www.sp14.tychy.pl\/?page_id=4299","title":{"rendered":"Klasy VII"},"content":{"rendered":"\n<h4 class=\"has-text-align-center\"><strong>REKRUTACJA DO KLAS DWUJ\u0118ZYCZNYCH<\/strong><\/h4>\n\n\n\n<p>Szko\u0142a Podstawowa nr 14 z Oddzia\u0142ami Dwuj\u0119zycznymi im. Armii Krajowej, ul. Brzozowa 24<\/p>\n\n\n\n<p><strong>19 lutego 2024 r.<\/strong> rozpocznie si\u0119 rekrutacja do <strong>oddzia\u0142\u00f3w dwuj\u0119zycznych klas si\u00f3dmych<\/strong> szk\u00f3\u0142 podstawowych. <strong>Wnioski<\/strong> b\u0119dzie mo\u017cna sk\u0142ada\u0107 <strong>do 11 marca 2024 r.<\/strong><\/p>\n\n\n\n<p>Do oddzia\u0142u dwuj\u0119zycznego przyjmuje si\u0119 ucznia, kt\u00f3ry uzyska\u0142 pozytywny wynik sprawdzianu predyspozycji j\u0119zykowych.<\/p>\n\n\n\n<p>link do rekrutacji \u2013 <a href=\"https:\/\/spklasy4i7-tychy.nabory.pl\/\">https:\/\/spklasy4i7-tychy.nabory.pl\/<\/a><\/p>\n\n\n\n<hr class=\"wp-block-separator has-css-opacity\"\/>\n\n\n\n<p>Terminy post\u0119powania rekrutacyjnego oraz post\u0119powania uzupe\u0142niaj\u0105cego, w tym terminy sk\u0142adania dokument\u00f3w, do oddzia\u0142\u00f3w dwuj\u0119zycznych klas si\u00f3dmych szk\u00f3\u0142 podstawowych prowadzonych przez Miasto Tychy na rok szkolny 2024\/2025<\/p>\n\n\n\n<figure class=\"wp-block-table\"><table><tbody><tr><td>Lp.<\/td><td><br>Rodzaj czynno\u015bci<\/td><td>Termin w post\u0119powaniu rekrutacyjnym<\/td><td>Termin w post\u0119powaniu uzupe\u0142niaj\u0105cym *<\/td><\/tr><tr><td><br><br>1.<\/td><td>Z\u0142o\u017cenie wniosku o przyj\u0119cie do klasy VII dwuj\u0119zycznej wraz z wymaganymi o\u015bwiadczeniami i dokumentami.<\/td><td>od 19 lutego 2024 r. od godz.8.00<br>do 11 marca 2024 r. do godz.15.00<\/td><td>od 3 lipca 2024 r.<br>od godz.8.00<br>do 4 lipca 2024 r. do godz.15.00<\/td><\/tr><tr><td><br><br>2.<\/td><td>Przeprowadzenie sprawdzianu predyspozycji j\u0119zykowych do klas VII dwuj\u0119zycznych w szko\u0142ach podstawowych z oddzia\u0142ami dwuj\u0119zycznymi<\/td><td>25 marca 2024 r.<br>(godz. 14:30)<\/td><td>do 8 lipca 2024 r.<\/td><\/tr><tr><td><br><br>3.<\/td><td>Og\u0142oszenie listy kandydat\u00f3w, kt\u00f3rzy uzyskali pozytywne wyniki sprawdzianu predyspozycji j\u0119zykowych do klas dwuj\u0119zycznych w szko\u0142ach podstawowych.<\/td><td>do 8 kwietnia <br>2024 r.<br>do godz.15.00<\/td><td>9 lipca 2024 r. do godz.15.00<\/td><\/tr><tr><td>4.<\/td><td>Przyjmowanie \u015bwiadectwa promocyjnego do klasy VII szko\u0142y podstawowej.<\/td><td>od 21 czerwca 2024 r. od godz. 8:00<br>do 24 czerwca 2024 r. do godz.15.00<\/td><td>od 3 lipca 2024 r.<br>od godz.8.00<br>do 4 lipca 2024 r. do godz.15.00<\/td><\/tr><tr><td><br><br>5.<\/td><td>Podanie do publicznej wiadomo\u015bci przez komisj\u0119 rekrutacyjn\u0105 listy kandydat\u00f3w zakwalifikowanych i kandydat\u00f3w niezakwalifikowanych.<\/td><td>27 czerwca 2024 r.&nbsp; do godz. 14.00<\/td><td>9 lipca 2024 r. do godz.15.00<\/td><\/tr><tr><td><br>6.<\/td><td>Potwierdzenie przez rodzica\/opiekuna prawnego kandydata zakwalifikowanego woli ucz\u0119szczania.<\/td><td>do 28 czerwca 2024 r.<br>do godz.14.00<\/td><td>do 11 lipca 2024 r. do godz.14.00<\/td><\/tr><tr><td>7. <\/td><td>Podanie do publicznej wiadomo\u015bci listy kandydat\u00f3w przyj\u0119tych i kandydat\u00f3w nieprzyj\u0119tych.<\/td><td>28 czerwca 2024 r. do godz.15.00<\/td><td>11 lipca 2024 r. do godz.15.00<\/td><\/tr><\/tbody><\/table><\/figure>\n\n\n\n<p>\n*\nrekrutacja uzupe\u0142niaj\u0105ca przeprowadzana jest tylko w przypadku\ndysponowania wolnymi miejscami po rekrutacji podstawowej<\/p>\n\n\n\n<hr class=\"wp-block-separator has-css-opacity\"\/>\n\n\n\n<div class=\"wp-block-file\"><object class=\"wp-block-file__embed\" data=\"https:\/\/www.sp14.tychy.pl\/wp-content\/uploads\/2024\/02\/Regulamin-rekrutacji-sp14_2024-2025.pdf\" type=\"application\/pdf\" style=\"width:100%;height:600px\" aria-label=\"Osadzone z Regulamin-rekrutacji-sp14_2024-2025.\"><\/object><a id=\"wp-block-file--media-fe6ba7d2-8857-4773-967b-5546b86170df\" href=\"https:\/\/www.sp14.tychy.pl\/wp-content\/uploads\/2024\/02\/Regulamin-rekrutacji-sp14_2024-2025.pdf\">Regulamin-rekrutacji-sp14_2024-2025<\/a><a href=\"https:\/\/www.sp14.tychy.pl\/wp-content\/uploads\/2024\/02\/Regulamin-rekrutacji-sp14_2024-2025.pdf\" class=\"wp-block-file__button wp-element-button\" download aria-describedby=\"wp-block-file--media-fe6ba7d2-8857-4773-967b-5546b86170df\">Pobierz<\/a><\/div>\n","protected":false},"excerpt":{"rendered":"<p>REKRUTACJA DO KLAS DWUJ\u0118ZYCZNYCH Szko\u0142a Podstawowa nr 14 z Oddzia\u0142ami Dwuj\u0119zycznymi im. Armii Krajowej, ul. Brzozowa 24 19 lutego 2024 r. rozpocznie si\u0119 rekrutacja do oddzia\u0142\u00f3w dwuj\u0119zycznych klas si\u00f3dmych szk\u00f3\u0142 podstawowych. Wnioski b\u0119dzie mo\u017cna sk\u0142ada\u0107 do 11 marca 2024 r. Do oddzia\u0142u dwuj\u0119zycznego przyjmuje si\u0119 ucznia, kt\u00f3ry uzyska\u0142 pozytywny wynik sprawdzianu predyspozycji j\u0119zykowych. link do [&hellip;]<\/p>\n","protected":false},"author":1,"featured_media":0,"parent":0,"menu_order":0,"comment_status":"closed","ping_status":"closed","template":"","meta":{"_mi_skip_tracking":false},"_links":{"self":[{"href":"https:\/\/www.sp14.tychy.pl\/index.php?rest_route=\/wp\/v2\/pages\/4299"}],"collection":[{"href":"https:\/\/www.sp14.tychy.pl\/index.php?rest_route=\/wp\/v2\/pages"}],"about":[{"href":"https:\/\/www.sp14.tychy.pl\/index.php?rest_route=\/wp\/v2\/types\/page"}],"author":[{"embeddable":true,"href":"https:\/\/www.sp14.tychy.pl\/index.php?rest_route=\/wp\/v2\/users\/1"}],"replies":[{"embeddable":true,"href":"https:\/\/www.sp14.tychy.pl\/index.php?rest_route=%2Fwp%2Fv2%2Fcomments&post=4299"}],"version-history":[{"count":34,"href":"https:\/\/www.sp14.tychy.pl\/index.php?rest_route=\/wp\/v2\/pages\/4299\/revisions"}],"predecessor-version":[{"id":22708,"href":"https:\/\/www.sp14.tychy.pl\/index.php?rest_route=\/wp\/v2\/pages\/4299\/revisions\/22708"}],"wp:attachment":[{"href":"https:\/\/www.sp14.tychy.pl\/index.php?rest_route=%2Fwp%2Fv2%2Fmedia&parent=4299"}],"curies":[{"name":"wp","href":"https:\/\/api.w.org\/{rel}","templated":true}]}}