{"id":461,"date":"2017-08-30T10:08:21","date_gmt":"2017-08-30T08:08:21","guid":{"rendered":"http:\/\/www.sp14.tychy.pl\/?page_id=461"},"modified":"2017-09-01T22:12:07","modified_gmt":"2017-09-01T20:12:07","slug":"regulamin-udostepniania-podrecznikow","status":"publish","type":"page","link":"https:\/\/www.sp14.tychy.pl\/?page_id=461","title":{"rendered":"Regulamin udost\u0119pniania podr\u0119cznik\u00f3w"},"content":{"rendered":"<h5 style=\"text-align: center;\"><strong>REGULAMIN KORZYSTANIA Z PODR\u0118CZNIK\u00d3W I MATERIA\u0141\u00d3W EDUKACYJNYCH PRZEZ UCZNI\u00d3W SZKO\u0141Y<\/strong><\/h5>\n<p>&nbsp;<\/p>\n<ol>\n<li>Podr\u0119czniki s\u0105 w\u0142asno\u015bci\u0105 szko\u0142y.<\/li>\n<li>Podr\u0119czniki s\u0105 wypo\u017cyczane rodzicom przez szko\u0142\u0119 na okres roku szkolnego.<\/li>\n<li>Podr\u0119cznik nale\u017cy szanowa\u0107 jako dobro wsp\u00f3lne. Nale\u017cy go zabezpieczy\u0107 ok\u0142adk\u0105 (papierow\u0105 lub foliow\u0105). W podr\u0119czniku nie nale\u017cy pisa\u0107, zaznacza\u0107, wycina\u0107, wyrywa\u0107 stron itp.<\/li>\n<li>Podr\u0119cznik nale\u017cy podpisa\u0107. (imi\u0119, nazwisko, klasa, rok szkolny).<\/li>\n<li>Za uszkodzony, zagubiony, zniszczony lub niezwr\u00f3cony do biblioteki podr\u0119cznik odpowiedzialno\u015b\u0107 finansow\u0105 ponosz\u0105 rodzice lub prawni opiekunowie ucznia, kt\u00f3rzy zobowi\u0105zani s\u0105 do zwrotu kosztu podr\u0119cznika (art. 22 ak. ust. 3 cyt. ustawy).<\/li>\n<li>Szko\u0142a mo\u017ce \u017c\u0105da\u0107 zwrotu r\u00f3wnowarto\u015bci zniszczonego b\u0105d\u017a zgubionego podr\u0119cznika. Cen\u0119 podr\u0119cznika okre\u015bla MEN.<\/li>\n<li>W przypadku zmiany szko\u0142y przez ucznia podr\u0119cznik nale\u017cy zwr\u00f3ci\u0107 do biblioteki.<\/li>\n<li>Rodzice lub prawni opiekunowie ucznia podpisuj\u0105 o\u015bwiadczenie, kt\u00f3re jest zobowi\u0105zaniem do stosowania zasad niniejszego regulaminu.<\/li>\n<li>W ostatnim tygodniu roku szkolnego oraz w przypadku zmiany szko\u0142y przez ucznia, podr\u0119cznik nale\u017cy zwr\u00f3ci\u0107 bibliotekarzowi szkolnemu.<\/li>\n<li>Rodzic zobowi\u0105zuje si\u0119 do przestrzegania niniejszego regulaminu.<\/li>\n<\/ol>\n<p>&nbsp;<\/p>\n<p><em>Przepis art. 22ak ust.3 ustawy o systemie o\u015bwiaty umo\u017cliwia szkole \u017c\u0105danie od rodzic\u00f3w ucznia zwrotu kosztu zakupu podr\u0119cznik\u00f3w lub materia\u0142\u00f3w edukacyjnych sfinansowanych ze \u015brodk\u00f3w dotacji, w przypadku uszkodzenia, zniszczenia lub niezwr\u00f3cenia ich do biblioteki.<\/em><\/p>\n","protected":false},"excerpt":{"rendered":"<p>REGULAMIN KORZYSTANIA Z PODR\u0118CZNIK\u00d3W I MATERIA\u0141\u00d3W EDUKACYJNYCH PRZEZ UCZNI\u00d3W SZKO\u0141Y &nbsp; Podr\u0119czniki s\u0105 w\u0142asno\u015bci\u0105 szko\u0142y. Podr\u0119czniki s\u0105 wypo\u017cyczane rodzicom przez szko\u0142\u0119 na okres roku szkolnego. Podr\u0119cznik nale\u017cy szanowa\u0107 jako dobro wsp\u00f3lne. Nale\u017cy go zabezpieczy\u0107 ok\u0142adk\u0105 (papierow\u0105 lub foliow\u0105). W podr\u0119czniku nie nale\u017cy pisa\u0107, zaznacza\u0107, wycina\u0107, wyrywa\u0107 stron itp. Podr\u0119cznik nale\u017cy podpisa\u0107. (imi\u0119, nazwisko, klasa, rok [&hellip;]<\/p>\n","protected":false},"author":2,"featured_media":0,"parent":0,"menu_order":0,"comment_status":"closed","ping_status":"closed","template":"","meta":{"_mi_skip_tracking":false},"_links":{"self":[{"href":"https:\/\/www.sp14.tychy.pl\/index.php?rest_route=\/wp\/v2\/pages\/461"}],"collection":[{"href":"https:\/\/www.sp14.tychy.pl\/index.php?rest_route=\/wp\/v2\/pages"}],"about":[{"href":"https:\/\/www.sp14.tychy.pl\/index.php?rest_route=\/wp\/v2\/types\/page"}],"author":[{"embeddable":true,"href":"https:\/\/www.sp14.tychy.pl\/index.php?rest_route=\/wp\/v2\/users\/2"}],"replies":[{"embeddable":true,"href":"https:\/\/www.sp14.tychy.pl\/index.php?rest_route=%2Fwp%2Fv2%2Fcomments&post=461"}],"version-history":[{"count":6,"href":"https:\/\/www.sp14.tychy.pl\/index.php?rest_route=\/wp\/v2\/pages\/461\/revisions"}],"predecessor-version":[{"id":8245,"href":"https:\/\/www.sp14.tychy.pl\/index.php?rest_route=\/wp\/v2\/pages\/461\/revisions\/8245"}],"wp:attachment":[{"href":"https:\/\/www.sp14.tychy.pl\/index.php?rest_route=%2Fwp%2Fv2%2Fmedia&parent=461"}],"curies":[{"name":"wp","href":"https:\/\/api.w.org\/{rel}","templated":true}]}}