{"id":466,"date":"2017-08-30T10:10:04","date_gmt":"2017-08-30T08:10:04","guid":{"rendered":"http:\/\/www.sp14.tychy.pl\/?page_id=466"},"modified":"2020-10-13T10:09:35","modified_gmt":"2020-10-13T08:09:35","slug":"regulaminy","status":"publish","type":"page","link":"https:\/\/www.sp14.tychy.pl\/?page_id=466","title":{"rendered":"Regulaminy"},"content":{"rendered":"<p><a href=\"http:\/\/www.sp14.tychy.pl\/?page_id=463\">REGULAMIN KORZYSTANIA ZE STANOWISKA KOMPUTEROWEGO BIBLIOTEKI<\/a><\/p>\n<p><a href=\"http:\/\/www.sp14.tychy.pl\/?page_id=461\">REGULAMIN KORZYSTANIA Z PODR\u0118CZNIK\u00d3W I MATERIA\u0141\u00d3W EDUKACYJNYCH PRZEZ UCZNI\u00d3W SZKO\u0141Y<\/a><\/p>\n<p><a href=\"http:\/\/www.sp14.tychy.pl\/?page_id=459\">REGULAMIN WYPO\u017bYCZALNI I CZYTELNI<\/a><\/p>\n<p><a href=\"https:\/\/www.sp14.tychy.pl\/?page_id=8246\">REGULAMIN PRACY BIBLIOTEKI SZKOLNEJ W CZASIE PANDEMII COVID-19<\/a><\/p>\n","protected":false},"excerpt":{"rendered":"<p>REGULAMIN KORZYSTANIA ZE STANOWISKA KOMPUTEROWEGO BIBLIOTEKI REGULAMIN KORZYSTANIA Z PODR\u0118CZNIK\u00d3W I MATERIA\u0141\u00d3W EDUKACYJNYCH PRZEZ UCZNI\u00d3W SZKO\u0141Y REGULAMIN WYPO\u017bYCZALNI I CZYTELNI REGULAMIN PRACY BIBLIOTEKI SZKOLNEJ W CZASIE PANDEMII COVID-19<\/p>\n","protected":false},"author":1,"featured_media":0,"parent":0,"menu_order":0,"comment_status":"closed","ping_status":"closed","template":"","meta":{"_mi_skip_tracking":false},"_links":{"self":[{"href":"https:\/\/www.sp14.tychy.pl\/index.php?rest_route=\/wp\/v2\/pages\/466"}],"collection":[{"href":"https:\/\/www.sp14.tychy.pl\/index.php?rest_route=\/wp\/v2\/pages"}],"about":[{"href":"https:\/\/www.sp14.tychy.pl\/index.php?rest_route=\/wp\/v2\/types\/page"}],"author":[{"embeddable":true,"href":"https:\/\/www.sp14.tychy.pl\/index.php?rest_route=\/wp\/v2\/users\/1"}],"replies":[{"embeddable":true,"href":"https:\/\/www.sp14.tychy.pl\/index.php?rest_route=%2Fwp%2Fv2%2Fcomments&post=466"}],"version-history":[{"count":3,"href":"https:\/\/www.sp14.tychy.pl\/index.php?rest_route=\/wp\/v2\/pages\/466\/revisions"}],"predecessor-version":[{"id":8262,"href":"https:\/\/www.sp14.tychy.pl\/index.php?rest_route=\/wp\/v2\/pages\/466\/revisions\/8262"}],"wp:attachment":[{"href":"https:\/\/www.sp14.tychy.pl\/index.php?rest_route=%2Fwp%2Fv2%2Fmedia&parent=466"}],"curies":[{"name":"wp","href":"https:\/\/api.w.org\/{rel}","templated":true}]}}