{"id":5301,"date":"2019-09-16T00:00:58","date_gmt":"2019-09-15T22:00:58","guid":{"rendered":"https:\/\/www.sp14.tychy.pl\/?page_id=5301"},"modified":"2019-09-16T00:04:14","modified_gmt":"2019-09-15T22:04:14","slug":"procedury-szkolne","status":"publish","type":"page","link":"https:\/\/www.sp14.tychy.pl\/?page_id=5301","title":{"rendered":"Procedury szkolne"},"content":{"rendered":"\n<p><strong>&nbsp;&nbsp;&nbsp;&nbsp;&nbsp;&nbsp;&nbsp;&nbsp;&nbsp;&nbsp;&nbsp; Procedura post\u0119powania\nw przypadku nierealizowania przez ucznia obowi\u0105zku szkolnego.<\/strong><\/p>\n\n\n\n<p>Dzia\u0142ania\nwychowawcy:<\/p>\n\n\n\n<ol><li>Rodzic ma obowi\u0105zek poinformowa\u0107 szko\u0142\u0119 o przyczynach nieobecno\u015bci dziecka.<\/li><li>Je\u017celi przez dwa tygodnie nie ma informacji od rodzic\u00f3w o przyczynach nieobecno\u015bci dziecka, wychowawca ma obowi\u0105zek      rozpozna\u0107 przyczyn\u0119 nieobecno\u015bci ucznia w szkole poprzez nawi\u0105zanie kontaktu z rodzicami, opiekunami prawnymi lub      uczniem (telefon, wyj\u015bcie do domu, list polecony z podpisem dyrektora szko\u0142y).<\/li><li>Je\u017celi nieobecno\u015b\u0107 przed\u0142u\u017ca si\u0119, wychowawca zg\u0142asza spraw\u0119 pedagogowi szkolnemu.<\/li><li>Wychowawca rozmawia z uczniem, kieruje ucznia do pedagoga szkolnego. Podczas spotkania z pedagogiem ucze\u0144 informowany jest      o konsekwencjach nieobecno\u015bci ustnie lub pisemnie (kontrakt).<\/li><\/ol>\n\n\n\n<p>&nbsp;&nbsp; Dzia\u0142ania pedagoga\nszkolnego:<\/p>\n\n\n\n<ol><li>Pedagog przeprowadza rozmow\u0119 z rodzicami ucznia, zobowi\u0105zuj\u0105c ich na pi\u015bmie do zapewnienia regularnego ucz\u0119szczania dziecka na zaj\u0119cia szkolne.<\/li><li>Pedagog zobowi\u0105zuje ucznia do regularnego ucz\u0119szczania na zaj\u0119cia szkolne na pi\u015bmie.<\/li><li>W przypadku niedotrzymania przez ucznia i rodzic\u00f3w pisemnego zobowi\u0105zania, pedagog oraz dyrekcja szko\u0142y wszczyna proces      administracyjno &#8211; prawny (MCO, s\u0105d rodzinny i dla nieletnich).<\/li><\/ol>\n\n\n\n<p><strong>&nbsp;&nbsp;&nbsp;&nbsp;&nbsp;&nbsp;&nbsp;&nbsp;&nbsp;&nbsp;&nbsp; Procedura post\u0119powania w przypadku u\u017cywania telefon\u00f3w kom\u00f3rkowych&nbsp; przez&nbsp; uczni\u00f3w Szko\u0142y Podstawowej nr 14 z Oddzia\u0142ami Dwuj\u0119zycznymi&nbsp;im.&nbsp;Armii&nbsp;Krajowej.<\/strong><\/p>\n\n\n\n<ol><li>W szkole obowi\u0105zuje zakaz u\u017cywania telefon\u00f3w kom\u00f3rkowych.\u00a0 <\/li><li>W razie\u00a0z\u0142amania zakazu za przyniesiony telefon odpowiada ucze\u0144, a w\u00a0 przypadku\u00a0zgubienia telefonu szko\u0142a nie podejmie dzia\u0142a\u0144 celem wyja\u015bnienia sytuacji.<\/li><li>Je\u017celi ucze\u0144\u00a0nie zastosuje si\u0119 do zakazu u\u017cywania telefonu\u00a0i\u00a0u\u017cywa telefonu na przerwie lub\u00a0na lekcji &#8211; jego\u00a0telefon jest aktywny\u00a0      (dzwoni dzwonek, sygna\u0142\u00a0przychodz\u0105cej\u00a0 wiadomo\u015bci) nauczyciel prosi o  wy\u0142\u0105czenie\u00a0 telefonu i odniesienie telefonu do sekretariatu,\u00a0 gdzie\u00a0telefon zostaje\u00a0 w\u0142o\u017cony do\u00a0opiecz\u0119towanej koperty i z\u0142o\u017cony w depozycie.<\/li><li>O\u00a0zaistnia\u0142ej\u00a0sytuacji nauczyciel, przy kt\u00f3rym nast\u0105pi\u0142o zdarzenie\u00a0 powiadamia rodzic\u00f3w\u00a0ucznia. Nauczyciel upewnia si\u0119 po lekcjach, \u017ce telefon zosta\u0142 oddany do depozytu.<\/li><li>Telefon z depozytu odebra\u0107 mo\u017ce tylko rodzic.<\/li><li>W przypadku, gdy ucze\u0144 odmawia wykonania polecenia i nie chce zanie\u015b\u0107 telefonu do sekretariatu, otrzymuje uwag\u0119 negatywn\u0105 z zachowania i 30 punkt\u00f3w ujemnych. O zaistnia\u0142ej sytuacji nauczyciel powiadamia rodzic\u00f3w za\u00a0pomoc\u0105 dziennika elektronicznego.<\/li><li>Notoryczne niestosowanie si\u0119 do powy\u017cszej procedury skutkuje wezwaniem do szko\u0142y rodzic\u00f3w ucznia.<\/li><\/ol>\n\n\n\n<p>Rada Pedagogiczna przyj\u0119\u0142a procedur\u0119 na posiedzeniu w dniu\n05.10.2017 r.<\/p>\n\n\n\n<p><br><strong>Procedury dost\u0119pne w formie pisemnej w sekretariacie szko\u0142y:<\/strong><\/p>\n\n\n\n<ul><li><strong>Procedura\npost\u0119powania w sytuacjach, gdy rodzice odmawiaj\u0105 wsp\u00f3\u0142pracy ze szko\u0142\u0105 lub rodzina\njest niewydolna wychowawczo.<\/strong><\/li><\/ul>\n\n\n\n<ul><li><strong>Procedura\npost\u0119powania w przypadku przyniesienia przez ucznia papieros\u00f3w lub ich palenia\nna terenie szko\u0142y.<\/strong><\/li><\/ul>\n\n\n\n<ul><li><strong>Procedura\npost\u0119powania w przypadku, gdy nauczyciel uzyska informacje, \u017ce ucze\u0144 u\u017cywa\nalkoholu lub innych \u015brodk\u00f3w w celu wprowadzenia si\u0119 w stan odurzenia, b\u0105d\u017a\nprzejawia inne zachowania \u015bwiadcz\u0105ce&nbsp; o\ndemoralizacji.<\/strong><\/li><\/ul>\n\n\n\n<ul><li><strong>Procedura\npost\u0119powania w przypadku, gdy nauczyciel podejrzewa, <br>\n\u017ce na terenie szko\u0142y znajduje si\u0119 ucze\u0144 b\u0119d\u0105cy pod wp\u0142ywem alkoholu lub\nnarkotyk\u00f3w.<\/strong><\/li><\/ul>\n\n\n\n<ul><li><strong>Procedura\npost\u0119powania, gdy nauczyciel (pracownik szko\u0142y) znajduje <br>\nna terenie szko\u0142y substancj\u0119 wygl\u0105dem przypominaj\u0105c\u0105 narkotyk.<\/strong><\/li><\/ul>\n\n\n\n<ul><li><strong>Procedura\npost\u0119powania, gdy nauczyciel podejrzewa, \u017ce ucze\u0144 posiada przy sobie substancj\u0119\nprzypominaj\u0105c\u0105 narkotyk<\/strong>.<\/li><\/ul>\n\n\n\n<ul><li><strong>Procedura\npost\u0119powania w przypadku stwierdzenia faktu kradzie\u017cy przez ucznia.<\/strong><\/li><\/ul>\n\n\n\n<ul><li><strong>Procedura w\nprzypadku zaistnienia w szkole sytuacji zwi\u0105zanych <br>\nz cyberprzemoc\u0105.<\/strong><\/li><\/ul>\n\n\n\n<ul><li><strong>Procedura\npost\u0119powania wobec ucznia \u2013 sprawcy czynu karalnego lub przest\u0119pstwa.<\/strong><\/li><\/ul>\n\n\n\n<ul><li><strong>Post\u0119powanie\nnauczyciela wobec ucznia, kt\u00f3ry sta\u0142 si\u0119 ofiar\u0105 czynu karalnego.<\/strong><\/li><\/ul>\n\n\n\n<ul><li><strong>Procedura\npost\u0119powania w przypadku uzyskania informacji <br>\no pope\u0142nieniu przest\u0119pstwa \u015bciganego z urz\u0119du na terenie szko\u0142y.<\/strong><\/li><\/ul>\n\n\n\n<ul><li><strong>Procedura\npost\u0119powania w przypadku otrzymania podejrzanej paczki lub koperty oraz\ntelefonu ostrzegaj\u0105cego przed niebezpiecze\u0144stwem.<\/strong><\/li><\/ul>\n\n\n\n<ul><li><strong>Procedura\npost\u0119powania w przypadku pr\u00f3b samob\u00f3jczych lub samob\u00f3jstwa <\/strong><\/li><\/ul>\n\n\n\n<ul><li><strong>Procedura\nzwi\u0105zana z czynno\u015bciami policji na terenie szko\u0142y.<\/strong><\/li><\/ul>\n","protected":false},"excerpt":{"rendered":"<p>&nbsp;&nbsp;&nbsp;&nbsp;&nbsp;&nbsp;&nbsp;&nbsp;&nbsp;&nbsp;&nbsp; Procedura post\u0119powania w przypadku nierealizowania przez ucznia obowi\u0105zku szkolnego. Dzia\u0142ania wychowawcy: Rodzic ma obowi\u0105zek poinformowa\u0107 szko\u0142\u0119 o przyczynach nieobecno\u015bci dziecka. Je\u017celi przez dwa tygodnie nie ma informacji od rodzic\u00f3w o przyczynach nieobecno\u015bci dziecka, wychowawca ma obowi\u0105zek rozpozna\u0107 przyczyn\u0119 nieobecno\u015bci ucznia w szkole poprzez nawi\u0105zanie kontaktu z rodzicami, opiekunami prawnymi lub uczniem (telefon, wyj\u015bcie do [&hellip;]<\/p>\n","protected":false},"author":1,"featured_media":0,"parent":0,"menu_order":0,"comment_status":"closed","ping_status":"closed","template":"","meta":{"_mi_skip_tracking":false},"_links":{"self":[{"href":"https:\/\/www.sp14.tychy.pl\/index.php?rest_route=\/wp\/v2\/pages\/5301"}],"collection":[{"href":"https:\/\/www.sp14.tychy.pl\/index.php?rest_route=\/wp\/v2\/pages"}],"about":[{"href":"https:\/\/www.sp14.tychy.pl\/index.php?rest_route=\/wp\/v2\/types\/page"}],"author":[{"embeddable":true,"href":"https:\/\/www.sp14.tychy.pl\/index.php?rest_route=\/wp\/v2\/users\/1"}],"replies":[{"embeddable":true,"href":"https:\/\/www.sp14.tychy.pl\/index.php?rest_route=%2Fwp%2Fv2%2Fcomments&post=5301"}],"version-history":[{"count":5,"href":"https:\/\/www.sp14.tychy.pl\/index.php?rest_route=\/wp\/v2\/pages\/5301\/revisions"}],"predecessor-version":[{"id":5308,"href":"https:\/\/www.sp14.tychy.pl\/index.php?rest_route=\/wp\/v2\/pages\/5301\/revisions\/5308"}],"wp:attachment":[{"href":"https:\/\/www.sp14.tychy.pl\/index.php?rest_route=%2Fwp%2Fv2%2Fmedia&parent=5301"}],"curies":[{"name":"wp","href":"https:\/\/api.w.org\/{rel}","templated":true}]}}