{"id":5309,"date":"2019-09-16T00:09:22","date_gmt":"2019-09-15T22:09:22","guid":{"rendered":"https:\/\/www.sp14.tychy.pl\/?page_id=5309"},"modified":"2023-10-20T13:38:34","modified_gmt":"2023-10-20T11:38:34","slug":"lista-podrecznikow","status":"publish","type":"page","link":"https:\/\/www.sp14.tychy.pl\/?page_id=5309","title":{"rendered":"Lista podr\u0119cznik\u00f3w"},"content":{"rendered":"\n<h4><\/h4>\n\n\n\n<p><strong>WSZYSTKIE PODR\u0118CZNIKI I \u0106WICZENIA B\u0118D\u0104 DOST\u0118PNE BEZP\u0141ATNIE W NASZEJ SZKOLE.<\/strong><\/p>\n\n\n\n<h4>Podr\u0119czniki 2022\/23<\/h4>\n\n\n\n<figure class=\"wp-block-table is-style-stripes\"><table><tbody><tr><td>\n\t\t\t<strong>Klasa<\/strong>\n\t\t<\/td><td>\n\t\t\t<strong>Przedmiot<\/strong>\n\t\t<\/td><td>\n\t\t\t<strong>Wydawca<\/strong>\n\t\t<\/td><td>\n\t\t\t<strong>Podr\u0119cznik<\/strong>\n\t\t<\/td><td>\n\t\t\t<strong>Autor<\/strong>\n\t\t<\/td><td>\n\t\t\t<strong>Nr\n\t\t\tdopuszczenia<\/strong>\n\t\t<\/td><\/tr><tr><td>\n\t\t\t1 SP\n\t\t<\/td><td>\n\t\t\tEdukacja wczesnoszkolna\n\t\t<\/td><td>Mac Edukacja<\/td><td>Ale to ciekawe (cz.1-4);<br>Matematyka\u00a0Ale to ciekawe (cz.1-2); Kaligrafia Ale to ciekawe<br><\/td><td>Jolanta&nbsp; Okuniewska, Sabina Pi\u0142at, Beata Skrzypiec<\/td><td>1158\/1\/2022&nbsp;<\/td><\/tr><tr><td>\n\t\t\t1 SP\n\t\t<\/td><td>\n\t\t\tJ\u0119zyk angielski\n\t\t<\/td><td>Macmillan Education <\/td><td>Bugs Team 1 <\/td><td>Carol Read, Ana Sober\u00f3n  <\/td><td>\n\t\t\t811\/1\/2017 \n\t\t\t\n\t\t<\/td><\/tr><tr><td>\n\t\t\t2 SP\n\t\t<\/td><td>Edukacja wczesnoszkolna <\/td><td>\n\t\t\tWSiP\n\t\t<\/td><td>Elementarz odkrywc\u00f3w 2 (cz.1-4); Elementarz odkrywc\u00f3w 2\u00a0Matematyka\u00a0<br>(cz.1-2)\u00a0<\/td><td>Barbara St\u0119pie\u0144, Ewa Hryszkiewicz, Joanna\u00a0Winiecka-Nowak; <br>Krystyna\u00a0Bielenica, Maria Bura, Ma\u0142gorzata Kwil, Bogus\u0142awa\u00a0Lankiewicz<\/td><td>790\/3\/2018\u00a0<br>790\/4\/2018<\/td><\/tr><tr><td>\n\t\t\t2 SP\n\t\t<\/td><td>\n\t\t\tJ\u0119zyk angielski\n\t\t<\/td><td>Macmillan Education <\/td><td>Bugs Team 2 <\/td><td>\n\t\t\tCarol Read, Ana Sober\u00f3n\n\t\t\t\n\t\t\t\n\t\t<\/td><td>\n\t\t\t811\/2\/2018 \n\t\t\t\n\t\t<\/td><\/tr><tr><td>\n\t\t\t3\n\t\t\tSP\n\t\t<\/td><td>Edukacja wczesnoszkolna <\/td><td> Nowa Era<\/td><td>Elementarz odkrywc\u00f3w 3 (cz.1-4); Elementarz odkrywc\u00f3w 3 Matematyka (cz.1-2)<\/td><td>A. Banasiak, A. Burdzi\u0144ska, A. Danielewicz-Malinowska, J. Hanisz, A. Kami\u0144ska, R. Kami\u0144ski, E. K\u0142os, W.Kofta, B.Nadarzy\u0144ska  <\/td><td>790\/6\/2019<br>790\/5\/2019 <\/td><\/tr><tr><td>\n\t\t\t3\n\t\t\tSP\n\t\t<\/td><td>\n\t\t\tJ\u0119zyk\n\t\t\tangielski\n\t\t<\/td><td>Macmillan Education <\/td><td>Bugs Team 3 <\/td><td>Magdalena Kondro, Elisenda Papiol, Maria Toth  <\/td><td>\n\t\t\t811\/3\/2018\n\t\t\t\n\t\t\t\n\t\t<\/td><\/tr><tr><td>\n\t\t\t4\n\t\t\tSP\n\t\t<\/td><td>\n\t\t\tHistoria\n\t\t<\/td><td>\n\t\t\tNowa\n\t\t\tEra\n\t\t<\/td><td>Wczoraj i dzi\u015b 4 <\/td><td>Bogumi\u0142a Olszewska, Wies\u0142awa Surdyk-Fertsch, Grzegorz Wojciechowski  <\/td><td> <br>877\/1\/2020\/z1<\/td><\/tr><tr><td>\n\t\t\t4\n\t\t\tSP\n\t\t<\/td><td>\n\t\t\tJ\u0119zyk\n\t\t\tangielski\n\t\t<\/td><td>\n\t\t\tNowa\n\t\t\tEra\n\t\t<\/td><td>Junior Explorer 4 <\/td><td>\n\t\t\tJennifer\n\t\t\tHeath, Michele Crawford, Marta Mrozik, Katarzyna K\u0142opsk \n\t\t\t\n\t\t<\/td><td>\n\t\t\t837\/1\/2017\n\t\t\t\n\t\t\t\n\t\t<\/td><\/tr><tr><td>\n\t\t\t4\n\t\t\tSP\n\t\t<\/td><td>\n\t\t\tJ\u0119zyk\n\t\t\tpolski\n\t\t<\/td><td>\n\t\t\tWSiP\n\t\t<\/td><td>1) S\u0142owa z u\u015bmiechem 4. Literatura i kultura 2) S\u0142owa z u\u015bmiechem 4. Nauka o j\u0119zyku <br>i ortografia <\/td><td>\n\t\t\tE.\n\t\t\tHowarth\n\t\t\tA.\n\t\t\t\u017begle\u0144\n\t\t<\/td><td>1) 861\/1\/2017<br>2) 861\/2\/2017 <br> <br> <\/td><\/tr><tr><td>\n\t\t\t4\n\t\t\tSP\n\t\t<\/td><td>\n\t\t\tMatematyka\n\t\t<\/td><td> Nowa Era<\/td><td>Matematyka z kluczem. Klasa 4, Cz\u0119\u015b\u0107 1 i 2.<\/td><td>Marcin Braun, Agnieszka Ma\u0144kowska, Ma\u0142gorzata Paszy\u0144ska <\/td><td> 875\/1\/2017 <br><\/td><\/tr><tr><td>\n\t\t\t4\n\t\t\tSP\n\t\t<\/td><td>\n\t\t\tMuzyka\n\t\t<\/td><td>\n\t\t\tNowa\n\t\t\tEra\n\t\t<\/td><td>Lekcja muzyki 4 <\/td><td>Monika Gromek, Gra\u017cyna Kilbach  <\/td><td>\n\t\t\t852\/1\/2017\n\t\t\t\n\t\t\t\n\t\t<\/td><\/tr><tr><td>\n\t\t\t4\n\t\t\tSP\n\t\t<\/td><td>\n\t\t\tPrzyroda\n\t\t<\/td><td> GWO<\/td><td>To nasz \u015bwiat. Przyroda. Podr\u0119cznik<\/td><td>B\u0119dkowska Hanna, Kara\u015b Anna, Piotr Kosobudzki &#8211; Kanar, Piotr Malecha <\/td><td> 1162\/1\/2023<\/td><\/tr><tr><td>\n\t\t\t5\n\t\t\tSP\n\t\t<\/td><td>\n\t\t\t\n\t\t\tBiologia\n\t\t<\/td><td> Nowa Era <\/td><td>Puls \u017cycia 5 <\/td><td>Marian S\u0119ktas, Joanna Stawarz  <\/td><td>844\/1\/2018<\/td><\/tr><tr><td>\n\t\t\tSP\n\t\t\t5\n\t\t<\/td><td>\n\t\t\tGeografia\n\t\t<\/td><td>\n\t\t\tNowa\n\t\t\tEra\n\t\t<\/td><td>Planeta Nowa 5 <\/td><td>Feliks Szlajfer, Zbigniew Zaniewicz, Tomasz Rachwa\u0142, Roman Malarz  <\/td><td>906\/1\/2018 <\/td><\/tr><tr><td>\n\t\t\tSP\n\t\t\t5\n\t\t<\/td><td>\n\t\t\tHistoria\n\t\t<\/td><td>\n\t\t\tNowa\n\t\t\tEra\n\t\t<\/td><td>Wczoraj i dzi\u015b 5 <\/td><td>\n\t\t\tGrzegorz\n\t\t\tWojciechowski \n\t\t\t\n\t\t<\/td><td>877\/2\/2018 <\/td><\/tr><tr><td>\n\t\t\tSP\n\t\t\t5\n\t\t<\/td><td>\n\t\t\tJ\u0119zyk\n\t\t\tangielski\n\t\t<\/td><td>\n\t\t\tNowa\n\t\t\tEra\n\t\t<\/td><td>Junior Explorer 5 <\/td><td>Katarzyna&nbsp;K\u0142opska,&nbsp;&nbsp;<br>Marta Mrozik&nbsp;  <\/td><td>837\/2\/2018<\/td><\/tr><tr><td>\n\t\t\tSP\n\t\t\t5\n\t\t<\/td><td>\n\t\t\tJ\u0119zyk\n\t\t\tpolski\n\t\t<\/td><td>\n\t\t\tWSiP\n\t\t<\/td><td>1) S\u0142owa z u\u015bmiechem 5. Literatura i kultura 2) S\u0142owa <br>z u\u015bmiechem 5. Nauka o j\u0119zyku<br> i ortografia <\/td><td> E. Howarth, A. \u017begle\u0144 <\/td><td>1) 861\/3\/2018<br>2) 861\/4\/2018 <\/td><\/tr><tr><td>\n\t\t\t5\n\t\t\tSP\n\t\t<\/td><td>\n\t\t\tMatematyka\n\t\t<\/td><td>\n\t\t\tWSiP\n\t\t<\/td><td>Matematyka 5 <\/td><td>A. Dubiecka,  B. Dubiecka-Kruk, P. Piskorski, E. Malicka  <\/td><td>\n\t\t\t\n\t\t\t832\/2\/2018\n\t\t\t \n\t\t\t\n\t\t<\/td><\/tr><tr><td>\n\t\t\t5\n\t\t\tSP\n\t\t<\/td><td>\n\t\t\tMuzyka\n\t\t<\/td><td>\n\t\t\tNowa\n\t\t\tEra\n\t\t<\/td><td>Lekcja muzyki 5 <\/td><td>Monika Gromek, Gra\u017cyna Kilbach  <\/td><td>\n\t\t\t852\/2\/2018\n\t\t\t\n\t\t\t\n\t\t<\/td><\/tr><tr><td>\n\t\t\t6\n\t\t\tSP\n\t\t<\/td><td>\n\t\t\tBiologia\n\t\t<\/td><td>\n\t\t\tNowa\n\t\t\tEra\n\t\t<\/td><td>Puls \u017cycia 6 <\/td><td>Joanna Stawarz  <\/td><td>\n\t\t\t844\/2\/2019\n\t\t\t\n\t\t\t\n\t\t<\/td><\/tr><tr><td>\n\t\t\t6\n\t\t\tSP\n\t\t<\/td><td>\n\t\t\tGeografia\n\t\t<\/td><td>\n\t\t\tNowa\n\t\t\tEra\n\t\t<\/td><td>Planeta Nowa 6 <\/td><td>Tomasz Rachwa\u0142, Roman Malarz, Dawid Szczypi\u0144ski  <\/td><td>\n\t\t\t906\/2\/2019\n\t\t\t\n\t\t\t\n\t\t<\/td><\/tr><tr><td>\n\t\t\t6\n\t\t\tSP\n\t\t<\/td><td>\n\t\t\tHistoria\n\t\t<\/td><td>\n\t\t\tNowa\n\t\t\tEra\n\t\t<\/td><td>Wczoraj i dzi\u015b 6 <\/td><td>Bogumi\u0142a Olszewska, Wies\u0142awa Surdyk-Fertsch, Grzegorz Wojciechowski  <\/td><td>877\/3\/2019<\/td><\/tr><tr><td>6 SP<\/td><td>Informatyka<\/td><td>Nowa Era <\/td><td>Lubi\u0119 to!<\/td><td>Micha\u0142 K\u0119ska<\/td><td>847\/3\/2022\/z1<\/td><\/tr><tr><td>6 SP <\/td><td>\n\t\t\tJ\u0119zyk\n\t\t\tangielski\n\t\t<\/td><td>\n\t\t\tNowa\n\t\t\tEra\n\t\t<\/td><td>Junior Explorer 6 <\/td><td>Jennifer Heath, Michele Crawford, Marta Mrozik, Katarzyna K\u0142opska  <\/td><td>\n\t\t\t837\/3\/2019\n\t\t\t\n\t\t\t\n\t\t<\/td><\/tr><tr><td>6 SP <\/td><td>\n\t\t\tJ\u0119zyk\n\t\t\tpolski\n\t\t<\/td><td>\n\t\t\tWSiP\n\t\t<\/td><td>1) S\u0142owa z u\u015bmiechem 6. Literatura i kultura 2) S\u0142owa z u\u015bmiechem 6. Nauka o j\u0119zyku <br>i ortografia <\/td><td>\n\t\t\tE.\n\t\t\tHowarth\n\t\t\tA.\n\t\t\t\u017begle\u0144\n\t\t<\/td><td>1) 861\/5\/2019 <br>2) 861\/6\/2019 <br> <br> <\/td><\/tr><tr><td>6 SP <\/td><td>\n\t\t\tMatematyka\n\t\t<\/td><td>\n\t\t\tWSiP\n\t\t<\/td><td>Matematyka 6 <\/td><td>A. Dubiecka, B. Dubiecka-Kruk, P. Piskorski, <\/td><td>832\/3\/2019 <\/td><\/tr><tr><td>6 SP <\/td><td>\n\t\t\tMuzyka\n\t\t<\/td><td>\n\t\t\tNowa\n\t\t\tEra\n\t\t<\/td><td>Lekcja muzyki 6 <\/td><td>Monika Gromek, Gra\u017cyna\u00a0Kilbach <\/td><td>852\/3\/2019\u00a0<\/td><\/tr><tr><td>7 SP <\/td><td>\n\t\t\tBiologia\n\t\t<\/td><td>\n\t\t\tNowa\n\t\t\tEra\n\t\t<\/td><td>Puls \u017cycia 7 <\/td><td>\n\t\t\tMa\u0142gorzata\n\t\t\tJefimow \n\t\t\t\n\t\t<\/td><td>844\/3\/2020\/z1<\/td><\/tr><tr><td>7 SP <\/td><td>\n\t\t\tChemia\n\t\t<\/td><td>\n\t\t\tNowa\n\t\t\tEra\n\t\t<\/td><td>Chemia Nowej Ery 7 <\/td><td>Jan Kulawik, <br>Teresa Kulawik, <br>Maria Litwin  <\/td><td>785\/1\/2023\/z1 <\/td><\/tr><tr><td>7 SP <\/td><td>\n\t\t\tFizyka\n\t\t<\/td><td>\n\t\t\tNowa\n\t\t\tEra\n\t\t<\/td><td>Spotkania z fizyk\u0105 7 <\/td><td>Gra\u017cyna Francuz-Ornat, Teresa Kulawik, <br>Maria Nowotny-R\u00f3\u017ca\u0144ska  <\/td><td>\n\t\t\t885\/1\/2017\n\t\t\t\n\t\t\t\n\t\t<\/td><\/tr><tr><td>7 SP <\/td><td>\n\t\t\tGeografia\n\t\t<\/td><td>\n\t\t\tNowa\n\t\t\tEra\n\t\t<\/td><td>\n\t\t\tPlaneta\n\t\t\tNowa 7\n\t\t<\/td><td>Roman Malarz, Mariusz Szubert, Tomasz Rachwa\u0142  <\/td><td>906\/3\/2023\/z1 <\/td><\/tr><tr><td>7 SP <\/td><td>\n\t\t\tHistoria\n\t\t<\/td><td>\n\t\t\tNowa\n\t\t\tEra\n\t\t<\/td><td>\n\t\t\tWczoraj\n\t\t\ti dzi\u015b 7\n\t\t<\/td><td>Stanis\u0142aw Roszak, <br>Anna \u0141aszkiewicz, Jaros\u0142aw K\u0142aczkow  <\/td><td>877\/4\/2020\/z1 <\/td><\/tr><tr><td>7 SP <\/td><td>\n\t\t\tJ\u0119zyk\n\t\t\tangielski\n\t\t<\/td><td>\n\t\t\tNowa\n\t\t\tEra\n\t\t<\/td><td> Super Powers 7 <\/td><td>Angela Bandis, <br>Diana Shotton  <\/td><td>1097\/4\/2020<\/td><\/tr><tr><td>7 SP <\/td><td>\n\t\t\tJ\u0119zyk\n\t\t\thiszpa\u0144ski\n\t\t<\/td><td>LektorKlett<\/td><td> Gente Joven 1<\/td><td>Martinez Salles Matilde, Baulenas Sans Neus, Arija Encina Alonso<\/td><td> 870\/2\/2017 <\/td><\/tr><tr><td>7 SP <\/td><td>\n\t\t\tJ\u0119zyk\n\t\t\tniemiecki\n\t\t<\/td><td>\n\t\t\tNowa\n\t\t\tEra\n\t\t<\/td><td>Deutschtour FIT 7<\/td><td>Ewa Ko\u015bcielniak &#8211; Walewska <\/td><td> 1096\/1\/2020<\/td><\/tr><tr><td>7 SP <\/td><td>\n\t\t\tJ\u0119zyk\n\t\t\tpolski\n\t\t<\/td><td>\n\t\t\tWSiP\n\t\t<\/td><td>\n\t\t\tMy\u015bli\n\t\t\ti s\u0142owa 7\n\t\t<\/td><td>\n\t\t\tE.\n\t\t\tNowak\n\t\t\tJ.\n\t\t\tGawe\u0142\n\t\t<\/td><td> 895\/1\/2017<\/td><\/tr><tr><td>7 SP <\/td><td>\n\t\t\tMatematyka\n\t\t<\/td><td>\n\t\t\tWSiP\n\t\t<\/td><td>Matematyka w punkt 7 <\/td><td>Ma\u0142gorzata Mularska, Bo\u017cena Winiarczyk<\/td><td> 832\/4\/2017 <\/td><\/tr><tr><td>7 SP <\/td><td>\n\t\t\tMuzyka\n\t\t<\/td><td>\n\t\t\tNowa\n\t\t\tEra\n\t\t<\/td><td>\n\t\t\tLekcja\n\t\t\tmuzyki 7\n\t\t<\/td><td>Monika Gromek, Gra\u017cyna Kilbach  <\/td><td>852\/4\/2020\/z1 <\/td><\/tr><tr><td>\n\t\t\t8\n\t\t\tSP\n\t\t<\/td><td>\n\t\t\tBiologia\n\t\t<\/td><td>Nowa Era <\/td><td> Puls \u017cycia 8 <\/td><td>Beata S\u0105gin, Andrzej Boczarowski, Marian S\u0119ktas  <\/td><td>844\/4\/2021\/z1<\/td><\/tr><tr><td>\n\t\t\t8\n\t\t\tSP\n\t\t<\/td><td>\n\t\t\tChemia\n\t\t<\/td><td>\n\t\t\tNowa\n\t\t\tEra\n\t\t<\/td><td>Chemia Nowej Ery 8 <\/td><td>\n\t\t\tJan\n\t\t\tKulawik, Teresa Kulawik, Maria Litwin \n\t\t\t\n\t\t<\/td><td>\n\t\t\t785\/2\/2018\n\t\t\t\n\t\t\t\n\t\t<\/td><\/tr><tr><td>\n\t\t\t8\n\t\t\tSP\n\t\t<\/td><td>\n\t\t\tFizyka\n\t\t<\/td><td>\n\t\t\tNowa\n\t\t\tEra\n\t\t<\/td><td>Spotkania z fizyk\u0105 8 <\/td><td>Gra\u017cyna Francuz-Ornat, Teresa Kulawik, Maria Nowotny-R\u00f3\u017ca\u0144ska  <\/td><td>\n\t\t\t885\/2\/2018\n\t\t\t\n\t\t\t\n\t\t<\/td><\/tr><tr><td>\n\t\t\t8\n\t\t\tSP\n\t\t<\/td><td>\n\t\t\tGeografia\n\t\t<\/td><td>\n\t\t\tNowa\n\t\t\tEra\n\t\t<\/td><td>\n\t\t\tPlaneta\n\t\t\tNowa 8\n\t\t<\/td><td>Tomasz Rachwa\u0142, Dawid Szczypi\u0144ski  <\/td><td>906\/4\/2021\/z1 <\/td><\/tr><tr><td>\n\t\t\t8\n\t\t\tSP\n\t\t<\/td><td>\n\t\t\tHistoria\n\t\t<\/td><td>\n\t\t\tNowa\n\t\t\tEra \n\t\t\t\n\t\t<\/td><td>\n\t\t\tWczoraj\n\t\t\ti dzi\u015b 8\n\t\t<\/td><td>Robert \u015aniegocki, Agnieszka Zieli\u0144ska  <\/td><td>877\/5\/2021\/z1<\/td><\/tr><tr><td>\n\t\t\t8\n\t\t\tSP\n\t\t<\/td><td>\n\t\t\tJ\u0119zyk\n\t\t\tangielski\n\t\t<\/td><td> Nowa Era <\/td><td> Repetytorium 8<\/td><td> Jayne&nbsp;Freeman-Zolotenki&nbsp;  <\/td><td>1097\/5\/2021\u00a0 <\/td><\/tr><tr><td>\n\t\t\t8\n\t\t\tSP\n\t\t<\/td><td>J\u0119zyk hiszpa\u0144ski <\/td><td>Draco<\/td><td> Explora 2 <\/td><td>Jos\u00e9 Carlos Garcia Gonz\u00e1lez, Arleta Ka\u017amierczak, Agnieszka Dudziak-Szuka\u0142a, Xavier Pascual L\u00f3pez  <\/td><td>851\/2\/2018\u00a0 <\/td><\/tr><tr><td>\n\t\t\t8\n\t\t\tSP\n\t\t<\/td><td>\n\t\t\tJ\u0119zyk\n\t\t\tniemiecki\n\t\t<\/td><td>\n\t\t\tNowa\n\t\t\tEra\n\t\t<\/td><td>Das ist Deutsch 8. KOMPAKT <\/td><td>\n\t\t\tJolanta\n\t\t\tKami\u0144ska \n\t\t\t\n\t\t<\/td><td> 814\/1\/2017&nbsp; <\/td><\/tr><tr><td>\n\t\t\t8\n\t\t\tSP\n\t\t<\/td><td>\n\t\t\tJ\u0119zyk\n\t\t\tpolski\n\t\t<\/td><td>\n\t\t\tWSiP\n\t\t<\/td><td>\n\t\t\tMy\u015bli\n\t\t\ti s\u0142owa 8\n\t\t<\/td><td>\n\t\t\tE.\n\t\t\tNowak\n\t\t\tJ.\n\t\t\tGawe\u0142\n\t\t<\/td><td> 895\/2\/2018 <\/td><\/tr><tr><td>\n\t\t\t8\n\t\t\tSP\n\t\t<\/td><td>\n\t\t\tMatematyka\n\t\t<\/td><td>\n\t\t\tWSiP\n\t\t<\/td><td>\n\t\t\tMatematyka\n\t\t\t8\n\t\t<\/td><td>\n\t\t\tA.\n\t\t\tMakowski\n\t\t\tT.\n\t\t\tMas\u0142owski\n\t\t\tA.\n\t\t\tToru\u0144ska\n\t\t<\/td><td> 832\/5\/2018 <\/td><\/tr><tr><td>\n\t\t\t8\n\t\t\tSP\n\t\t<\/td><td>\n\t\t\tWOS\n\t\t<\/td><td>\n\t\t\tNowa\n\t\t\tEra\n\t\t<\/td><td>\n\t\t\tDzi\u015b\n\t\t\ti jutro\n\t\t<\/td><td>Iwona Janicka, Arkadiusz Janicki, Aleksandra Kucia-Ma\u0107kowska, Tomasz Ma\u0107kowski  <\/td><td> 874\/2021\/z1 <\/td><\/tr><\/tbody><\/table><\/figure>\n\n\n\n<h4>\u0106wiczenia 2021\/22<\/h4>\n\n\n\n<figure class=\"wp-block-table is-style-stripes\"><table><tbody><tr><td><strong>Klasa<\/strong> <\/td><td>\n\t\t\t<strong>Przedmiot<\/strong>\n\t\t<\/td><td>\n\t\t\t<strong>Wydawca<\/strong>\n\t\t<\/td><td>\n\t\t\t<strong>Podr\u0119cznik<\/strong>\n\t\t<\/td><td>\n\t\t\t<strong>Autor<\/strong>\n\t\t<\/td><\/tr><tr><td>\n\t\t\t1\n\t\t\tSP\n\t\t<\/td><td>Edukacja wczesnoszkolna <\/td><td>Mac Edukacja <\/td><td>Ale to ciekawe, zeszyt \u0107wicze\u0144 (cz. 1 &#8211; 4), Zeszyt \u0107wicze\u0144; Matematyka (cz. 1 &#8211; 2) Kaligrafia, Wyprawka<\/td><td>Jolanta Okuniewska, Sabina Pi\u0142at, Beata Skrzypiec<\/td><\/tr><tr><td>\n\t\t\t1\n\t\t\tSP\n\t\t<\/td><td>\n\t\t\tJ\u0119zyk\n\t\t\tangielski\n\t\t<\/td><td>Macmillan Education <\/td><td>Bugs Team 1. Zeszyt \u0107wiczeni <\/td><td>Carol Read, Ana Sober\u00f3n  <\/td><\/tr><tr><td>\n\t\t\t2\n\t\t\tSP\n\t\t<\/td><td>\n\t\t\tEdukacja\n\t\t\twczesnoszkolna\n\t\t<\/td><td>Nowa Era <\/td><td>Elementarz odkrywc\u00f3w. Klasa\u00a02, cz\u0119\u015b\u0107 1-4. Edukacja polonistyczna, przyrodnicza, spo\u0142eczna; <br>Elementarz odkrywc\u00f3w. Klasa\u00a02, \u0106wiczenia do edukacji matematycznej, cz\u0119\u015b\u0107 1-2<\/td><td>Barbara St\u0119pie\u0144, Ewa Hryszkiewicz, Joanna\u00a0Winiecka-Nowak; Krystyna\u00a0Bielenica, Maria Bura, Ma\u0142gorzata Kwil, Bogus\u0142awa\u00a0Lankiewicz\u00a0<\/td><\/tr><tr><td>\n\t\t\t2\n\t\t\tSP\n\t\t<\/td><td>\n\t\t\tJ\u0119zyk\n\t\t\tangielski\n\t\t<\/td><td>Macmillan Education <\/td><td>Bugs Team 2. Zeszyt \u0107wicze\u0144 <\/td><td>Carol Read, Ana Sober\u00f3n, Anna Parr-Modrzejewska <\/td><\/tr><tr><td>\n\t\t\t3\n\t\t\tSP\n\t\t<\/td><td>Edukacja wczesnoszkolna <\/td><td>Nowa Era<\/td><td>Elementarz odkrywc\u00f3w. Klasa 3, cz\u0119\u015b\u0107 1-4. Edukacja polonistyczna, przyrodnicza, spo\u0142eczna<br>Elementarz odkrywc\u00f3w. Klasa 3, \u0106wiczenia do edukacji matematycznej, cz\u0119\u015b\u0107 1-2<\/td><td> Praca zbiorowa  <\/td><\/tr><tr><td>\n\t\t\t3\n\t\t\tSP\n\t\t<\/td><td>\n\t\t\tJ\u0119zyk\n\t\t\tangielski\n\t\t<\/td><td>Macmillan Education <\/td><td>Bugs Team 3. Zeszyt \u0106wicze\u0144 <\/td><td>Carol Read, Ana Sober\u00f3n  <\/td><\/tr><tr><td>\n\t\t\t4\n\t\t\tSP\n\t\t<\/td><td>\n\t\t\tJ\u0119zyk\n\t\t\tangielski\n\t\t<\/td><td>\n\t\t\tNowa\n\t\t\tEra\n\t\t<\/td><td>Junior Explorer 4. Zeszyt \u0107wicze\u0144 <\/td><td>Sue Clarke, <br>Marta Mrozik, <br>Dorota Wosi\u0144ska  <\/td><\/tr><tr><td>\n\t\t\t4\n\t\t\tSP\n\t\t<\/td><td>\n\t\t\tJ\u0119zyk\n\t\t\tpolski\n\t\t<\/td><td>\n\t\t\tWSiP\n\t\t<\/td><td>S\u0142owa z u\u015bmiechem 4. Zeszyt \u0107wicze\u0144 <\/td><td>\n\t\t\tEwa\n\t\t\tHorwath\n\t\t<\/td><\/tr><tr><td>\n\t\t\t4\n\t\t\tSP\n\t\t<\/td><td>\n\t\t\tPrzyroda\n\t\t<\/td><td> GWO<\/td><td>To nasz \u015bwiat Przyroda 4<\/td><td>Praca zbiorowa  <\/td><\/tr><tr><td>\n\t\t\t5\n\t\t\tSP\n\t\t<\/td><td>\n\t\t\tBiologia\n\t\t<\/td><td>Nowa Era <\/td><td>Puls \u017cycia 5. Zeszyt \u0107wicze\u0144 <\/td><td>Jolanta Holeczek, Jolanta Paw\u0142owska, Jacek Paw\u0142owski  <\/td><\/tr><tr><td>\n\t\t\t5\n\t\t\tSP\n\t\t<\/td><td>\n\t\t\tJ\u0119zyk\n\t\t\tangielski\n\t\t<\/td><td>\n\t\t\tNowa\n\t\t\tEra\n\t\t<\/td><td>Junior Explorer 5. Zeszyt \u0107wicze\u0144 <\/td><td>Sue Clarke, Marta Mrozik, <br>Dorota Wosi\u0144ska  <\/td><\/tr><tr><td>\n\t\t\t5\n\t\t\tSP\n\t\t<\/td><td>\n\t\t\tJ\u0119zyk\n\t\t\tpolski\n\t\t<\/td><td>\n\t\t\tWSiP\n\t\t<\/td><td>S\u0142owa z u\u015bmiechem 5. Zeszyt \u0107wicze\u0144 <\/td><td>\n\t\t\tEwa\n\t\t\tHorwath\n\t\t<\/td><\/tr><tr><td>\n\t\t\t6\n\t\t\tSP\n\t\t<\/td><td>\n\t\t\tJ\u0119zyk\n\t\t\tangielski\n\t\t<\/td><td>\n\t\t\tNowa\n\t\t\tEra\n\t\t<\/td><td>Junior Explorer 6. Zeszyt \u0107wicze\u0144 <\/td><td>Dorota Wosi\u0144ska, Marta Mrozik<\/td><\/tr><tr><td>\n\t\t\t6\n\t\t\tSP\n\t\t<\/td><td>\n\t\t\tJ\u0119zyk\n\t\t\tpolski\n\t\t<\/td><td>\n\t\t\tWSiP\n\t\t<\/td><td>S\u0142owa z u\u015bmiechem 6. Zeszyt \u0107wicze\u0144 <\/td><td>\n\t\t\tEwa\n\t\t\tHorwath\n\t\t<\/td><\/tr><tr><td>\n\t\t\t6\n\t\t\tSP\n\t\t<\/td><td>\n\t\t\tBiologia\n\t\t<\/td><td>\n\t\t\tNowa\n\t\t\tEra\n\t\t<\/td><td>Puls \u017cycia 6. Zeszyt \u0107wicze\u0144 <\/td><td>Magdalena Fia\u0142kowska-Ko\u0142ek, S\u0142awomir G\u0119bica, Agnieszka Siwik  <\/td><\/tr><tr><td>\n\t\t\t6\n\t\t\tSP\n\t\t<\/td><td>\n\t\t\tGeografia\n\t\t<\/td><td>\n\t\t\tNowa\n\t\t\tEra\n\t\t<\/td><td>Planeta Nowa 6. Zeszyt \u0107wicze\u0144 <\/td><td>Kamila Skomoroko  <\/td><\/tr><tr><td>\n\t\t\t7\n\t\t\tSP\n\t\t<\/td><td>\n\t\t\tJ\u0119zyk\n\t\t\tangielski\n\t\t<\/td><td>\n\t\t\tNowa\n\t\t\tEra\n\t\t<\/td><td>Super Powers 7<\/td><td>Phillip McElmuray  <\/td><\/tr><tr><td>\n\t\t\t7\n\t\t\tSP\n\t\t<\/td><td>\n\t\t\tJ\u0119zyk\n\t\t\thiszpa\u0144ski\n\t\t<\/td><td>LektorKlett<\/td><td>Gente Joven 1. Zeszyt \u0107wicze\u0144 <\/td><td>Encina Alonso Arija\u00a0<\/td><\/tr><tr><td>\n\t\t\t7\n\t\t\tSP\n\t\t<\/td><td>\n\t\t\tJ\u0119zyk\n\t\t\tniemiecki\n\t\t<\/td><td>Nowa Era <\/td><td>Deutschtour FIT 7. Zeszyt \u0107wicze\u0144<\/td><td>Ma\u0142gorzata Kosacka<\/td><\/tr><tr><td>\n\t\t\t7\n\t\t\tSP\n\t\t<\/td><td>\n\t\t\tJ\u0119zyk\n\t\t\tpolski\n\t\t<\/td><td>WSiP <\/td><td>Gramatyka i stylistyka 7. Zeszyt \u0107wicze\u0144 <\/td><td>Zofia Czarniecka- Rodzik <\/td><\/tr><tr><td> 7 SP<em> <\/em><\/td><td> Matematyka <\/td><td>WSiP<em> <\/em><\/td><td>Matematyka 7. Zeszyt \u0107wicze\u0144 <\/td><td>Adam Makowski Tomasz Mas\u0142owski<br>Anna Toru\u0144ska <\/td><\/tr><tr><td>\n\t\t\t8\n\t\t\tSP\n\t\t<\/td><td>\n\t\t\tJ\u0119zyk\n\t\t\tangielski\n\t\t<\/td><td>Macmillan Education <\/td><td>Repetytorium \u00d3smoklasisty. Zeszyt \u0107wicze\u0144 <\/td><td>Kotorowicz-Jasi\u0144ska Karolina, Pokrzewi\u0144s Zbigniew  <\/td><\/tr><tr><td>\n\t\t\t8\n\t\t\tSP\n\t\t<\/td><td>\n\t\t\tJ\u0119zyk\n\t\t\thiszpa\u0144ski\n\t\t<\/td><td>\n\t\t\tLektorKlett\n\t\t<\/td><td>Gente Joven 2. Zeszyt \u0107wicze\u0144 <\/td><td>Encina Alonso Arija, Matilde Martinez Salles, Neus Sans <\/td><\/tr><tr><td>\n\t\t\t8\n\t\t\tSP\n\t\t<\/td><td>\n\t\t\tJ\u0119zyk\n\t\t\tniemiecki\n\t\t<\/td><td>\n\t\t\tNowa\n\t\t\tEra\n\t\t<\/td><td>Das ist Deutsch 8. KOMPAKT. Zeszyt \u0107wicze\u0144 <\/td><td>Jolanta Kami\u0144ska <\/td><\/tr><tr><td>\n\t\t\t8\n\t\t\tSP\n\t\t<\/td><td>\n\t\t\tJ\u0119zyk\n\t\t\tpolski\n\t\t<\/td><td>\n\t\t\tWSiP\n\t\t<\/td><td>Gramatyka i stylistyka 8. Zeszyt \u0107wicze\u0144 <\/td><td>Zofia Czarniecka- Rodzik <\/td><\/tr><tr><td><em> <\/em>8 SP <\/td><td><em> <\/em>Matematyka <\/td><td><em> <\/em>WSiP <\/td><td>Matematyka 8. Zeszyt \u0107wicze\u0144<\/td><td>Adam Makowski,\u00a0Tomasz Mas\u0142owski,\u00a0Anna Toru\u0144ska\u00a0<\/td><\/tr><\/tbody><\/table><\/figure>\n","protected":false},"excerpt":{"rendered":"<p>WSZYSTKIE PODR\u0118CZNIKI I \u0106WICZENIA B\u0118D\u0104 DOST\u0118PNE BEZP\u0141ATNIE W NASZEJ SZKOLE. Podr\u0119czniki 2022\/23 Klasa Przedmiot Wydawca Podr\u0119cznik Autor Nr dopuszczenia 1 SP Edukacja wczesnoszkolna Mac Edukacja Ale to ciekawe (cz.1-4);Matematyka\u00a0Ale to ciekawe (cz.1-2); Kaligrafia Ale to ciekawe Jolanta&nbsp; Okuniewska, Sabina Pi\u0142at, Beata Skrzypiec 1158\/1\/2022&nbsp; 1 SP J\u0119zyk angielski Macmillan Education Bugs Team 1 Carol Read, Ana [&hellip;]<\/p>\n","protected":false},"author":1,"featured_media":0,"parent":0,"menu_order":0,"comment_status":"closed","ping_status":"closed","template":"","meta":{"_mi_skip_tracking":false},"_links":{"self":[{"href":"https:\/\/www.sp14.tychy.pl\/index.php?rest_route=\/wp\/v2\/pages\/5309"}],"collection":[{"href":"https:\/\/www.sp14.tychy.pl\/index.php?rest_route=\/wp\/v2\/pages"}],"about":[{"href":"https:\/\/www.sp14.tychy.pl\/index.php?rest_route=\/wp\/v2\/types\/page"}],"author":[{"embeddable":true,"href":"https:\/\/www.sp14.tychy.pl\/index.php?rest_route=\/wp\/v2\/users\/1"}],"replies":[{"embeddable":true,"href":"https:\/\/www.sp14.tychy.pl\/index.php?rest_route=%2Fwp%2Fv2%2Fcomments&post=5309"}],"version-history":[{"count":31,"href":"https:\/\/www.sp14.tychy.pl\/index.php?rest_route=\/wp\/v2\/pages\/5309\/revisions"}],"predecessor-version":[{"id":21440,"href":"https:\/\/www.sp14.tychy.pl\/index.php?rest_route=\/wp\/v2\/pages\/5309\/revisions\/21440"}],"wp:attachment":[{"href":"https:\/\/www.sp14.tychy.pl\/index.php?rest_route=%2Fwp%2Fv2%2Fmedia&parent=5309"}],"curies":[{"name":"wp","href":"https:\/\/api.w.org\/{rel}","templated":true}]}}