{"id":8209,"date":"2020-09-30T13:06:54","date_gmt":"2020-09-30T11:06:54","guid":{"rendered":"https:\/\/www.sp14.tychy.pl\/?page_id=8209"},"modified":"2020-09-30T13:07:17","modified_gmt":"2020-09-30T11:07:17","slug":"procedury","status":"publish","type":"page","link":"https:\/\/www.sp14.tychy.pl\/?page_id=8209","title":{"rendered":"COVID-19"},"content":{"rendered":"\n<p style=\"text-align:center\"><strong>PROCEDURY BEZPIECZE\u0143STWA W OKRESIE PANDEMII COVID-19<\/strong> <br><strong>\ufeffNA TERENIE<\/strong> <\/p>\n\n\n\n<p style=\"text-align:center\"><strong>Szko\u0142y Podstawowej nr\n14 z Oddzia\u0142ami Dwuj\u0119zycznymi <br>\nim. Armii Krajowej w Tychach<\/strong><\/p>\n\n\n\n<p style=\"text-align:center\"><strong><em>Aktualizacja na dzie\u0144 1 wrze\u015bnia 2020 r. <\/em><\/strong><\/p>\n\n\n\n<p style=\"text-align:center\"><strong>\u00a7\n1<\/strong><\/p>\n\n\n\n<p><strong>Og\u00f3lne\nzasady organizacji pracy<\/strong><\/p>\n\n\n\n<ol><li>Szko\u0142a\nPodstawowa nr 14 z Oddzia\u0142ami Dwuj\u0119zycznymi im. Armii Krajowej w Tychach wznawia\nfunkcjonowanie z uwzgl\u0119dnieniem wytycznych G\u0142\u00f3wnego Inspektora Sanitarnego, Ministra\nZdrowia, wytycznych Gminy Miasta Tychy, Ministerstwa Edukacji Narodowej oraz Kuratorium\nO\u015bwiaty.<\/li><li>Osoby\nz zewn\u0105trz na terenie szko\u0142y:<\/li><li>ograniczone zostaje przebywanie w plac\u00f3wce os\u00f3b z\nzewn\u0105trz, zalecany jest kontakt telefoniczny lub mailowy;<\/li><li>w przypadku konieczno\u015bci kontaktu bezpo\u015bredniego\nosoby z zewn\u0105trz s\u0105 zobowi\u0105zane do stosowania \u015brodk\u00f3w ochronnych: os\u0142ona ust i\nnosa, r\u0119kawiczki jednorazowe lub dezynfekcja r\u0105k;<\/li><li>do budynku szko\u0142y mog\u0105 wchodzi\u0107 tylko osoby bez\nobjaw\u00f3w chorobowych sugeruj\u0105cych infekcj\u0119 dr\u00f3g oddechowych;<\/li><li>osoby z zewn\u0105trz mog\u0105 przebywa\u0107 tylko na parterze\nw cz\u0119\u015bci korytarza prowadz\u0105cej do sekretariatu; w pozosta\u0142ych cz\u0119\u015bciach budynku\ntylko za zgod\u0105 dyrektora szko\u0142y.<\/li><li>Do\nszko\u0142y nie mog\u0105 wchodzi\u0107 osoby, kt\u00f3re s\u0105 chore, przebywaj\u0105 na\nkwarantannie lub w izolacji.<\/li><li>Po\nwej\u015bciu do szko\u0142y nale\u017cy bezwzgl\u0119dnie skorzysta\u0107 z p\u0142ynu do dezynfekcji r\u0105k.<\/li><li>Szko\u0142a\nczynna jest w godzinach: od 7.00 do 17.00<\/li><li>Termometry\ndo pomiaru temperatury znajduj\u0105 si\u0119 w sekretariacie i w \u015bwietlicy. <\/li><li>Zu\u017cyty\njednorazowy sprz\u0119t ochrony osobistej (m.in. maseczki, r\u0119kawiczki), zdejmowany z\nzachowaniem ostro\u017cno\u015bci, nale\u017cy wyrzuci\u0107 do pojemnika-kosza wyposa\u017conego w\nworek.<\/li><li>Je\u015bli\nw\/w odpady pochodz\u0105 od os\u00f3b z podejrzeniem zara\u017cenia koronawirusem, nale\u017cy je\nspakowa\u0107 do specjalnego worka foliowego i przekaza\u0107 do utylizacji. <\/li><li>Sale,\nw kt\u00f3rych odbywaj\u0105 si\u0119 zaj\u0119cia, s\u0105 porz\u0105dkowane i dezynfekowane co najmniej raz\ndziennie.<\/li><\/ol>\n\n\n\n<p style=\"text-align:center\"><strong>\u00a7\n2<\/strong><\/p>\n\n\n\n<p><strong>Organizacja\nzaj\u0119\u0107 w szkole \u2013 informacje dla rodzic\u00f3w i uczni\u00f3w<\/strong><\/p>\n\n\n\n<ol><li>Do\nszko\u0142y mo\u017ce ucz\u0119szcza\u0107 ucze\u0144 bez objaw\u00f3w chorobowych sugeruj\u0105cych infekcj\u0119 dr\u00f3g\noddechowych oraz gdy domownicy nie przebywaj\u0105 na kwarantannie lub w izolacji w\nwarunkach domowych.<\/li><li>Do\nszko\u0142y dzieci i uczniowie przychodz\u0105 (s\u0105 przyprowadzani) dok\u0142adnie <br>\no wyznaczonych godzinach.<\/li><li>Uczniowie\nmog\u0105 by\u0107 przyprowadzani do szko\u0142y i z niej odbierani przez opiekun\u00f3w bez\nobjaw\u00f3w chorobowych sugeruj\u0105cych infekcj\u0119 dr\u00f3g oddechowych. W drodze do i ze\nszko\u0142y opiekunowie z dzie\u0107mi oraz uczniowie przestrzegaj\u0105 aktualnych przepis\u00f3w\nprawa dotycz\u0105cych zachowania w przestrzeni publicznej. <\/li><li>Opiekunowie\nodprowadzaj\u0105cy dzieci nie mog\u0105 wchodzi\u0107 do przestrzeni wsp\u00f3lnej szko\u0142y, pozwolenie\notrzymuj\u0105 tylko opiekunowie dzieci klas pierwszych i dotyczy to tylko korytarza\nna parterze w cz\u0119\u015bci z szafkami uczni\u00f3w, zachowuj\u0105c zasady:<\/li><li>1 opiekun z dzieckiem\/dzie\u0107mi,<\/li><li>dystansu od kolejnego opiekuna z\ndzieckiem\/dzie\u0107mi min. 1,5 m,<\/li><li>dystansu od pracownik\u00f3w szko\u0142y min. 1,5 m, <\/li><li>opiekunowie powinni przestrzega\u0107 obowi\u0105zuj\u0105cych\nprzepis\u00f3w prawa zwi\u0105zanych z bezpiecze\u0144stwem zdrowotnym obywateli (m.in.\nstosowa\u0107 \u015brodki ochronne: os\u0142ona ust i nosa, r\u0119kawiczki jednorazowe lub\ndezynfekcja r\u0105k).<\/li><li>Ze\nwzgl\u0119du na konieczno\u015b\u0107 zapewnienia szybkiej, skutecznej komunikacji z\nopiekunami ucznia, opr\u00f3cz dziennika elektronicznego, rodzice przekazuj\u0105 szkole\nco najmniej dwa dodatkowe sposoby skutecznego kontaktu (telefony, maile itp.);\nw razie zmian zobowi\u0105zani s\u0105 do niezw\u0142ocznego uaktualnienia danych.<\/li><li>Je\u017celi\npracownik szko\u0142y zaobserwuje u ucznia objawy mog\u0105ce wskazywa\u0107 na infekcj\u0119 dr\u00f3g\noddechowych, w tym w szczeg\u00f3lno\u015bci gor\u0105czk\u0119, kaszel, nale\u017cy odizolowa\u0107 ucznia w\nwyznaczonym miejscu czyli Izolatorium, zapewniaj\u0105c min. 2 m odleg\u0142o\u015bci\nod innych os\u00f3b, i niezw\u0142ocznie powiadomi\u0107 rodzic\u00f3w\/opiekun\u00f3w o konieczno\u015bci\nodebrania ucznia ze szko\u0142y (rekomendowany w\u0142asny \u015brodek transportu).<\/li><li>Obowi\u0105zuj\u0105\nog\u00f3lne zasady higieny: cz\u0119ste mycie r\u0105k (po przyj\u015bciu do szko\u0142y nale\u017cy\nbezzw\u0142ocznie umy\u0107 r\u0119ce), ochrona podczas kichania i kaszlu oraz unikanie\ndotykania oczu, nosa i ust.<\/li><li>Uczniowie\ns\u0105 zobowi\u0105zani do posiadania i wk\u0142adania maseczek lub przy\u0142bic w czasie\nprzebywania na korytarzach szkolnych. W momencie zaj\u0119cia miejsca w klasie\n\u015brodki ochrony dr\u00f3g oddechowych mog\u0105 by\u0107 zdj\u0119te. W\/w \u015brodki nie musza by\u0107\nu\u017cywane na podw\u00f3rku szkolnym.<\/li><li>Ucze\u0144\nposiada w\u0142asne przybory i podr\u0119czniki, kt\u00f3re w czasie zaj\u0119\u0107 mog\u0105 znajdowa\u0107 si\u0119\nna stoliku szkolnym ucznia lub w tornistrze. Uczniowie nie powinni wymienia\u0107\nsi\u0119 przyborami szkolnymi mi\u0119dzy sob\u0105.<\/li><li>Nale\u017cy\nwietrzy\u0107 sale, cz\u0119\u015bci wsp\u00f3lne (korytarze) co najmniej raz na godzin\u0119, w czasie\nprzerwy, a w razie potrzeby tak\u017ce w czasie zaj\u0119\u0107.<\/li><li>Zaleca\nsi\u0119 korzystanie przez uczni\u00f3w z boiska szkolnego oraz pobytu na \u015bwie\u017cym\npowietrzu w czasie przerw, jak r\u00f3wnie\u017c niekt\u00f3rych lekcji.<\/li><li>Ucze\u0144\nnie powinien zabiera\u0107 ze sob\u0105 do szko\u0142y niepotrzebnych przedmiot\u00f3w.\nOgraniczenie to nie dotyczy dzieci ze specjalnymi potrzebami edukacyjnymi, w\nszczeg\u00f3lno\u015bci z niepe\u0142nosprawno\u015bciami. W takich przypadkach nale\u017cy dopilnowa\u0107,\naby dzieci nie udost\u0119pnia\u0142y swoich zabawek innym, natomiast opiekunowie dziecka\npowinni zadba\u0107 o regularne czyszczenie (pranie lub dezynfekcj\u0119) zabawki,\nrzeczy. <\/li><li>Zaj\u0119cia\n\u015bwietlicowe odbywaj\u0105 si\u0119 w \u015bwietlicy szkolnej, a razie potrzeby w innych salach\ndydaktycznych.<\/li><li>Rodzic\nodbieraj\u0105cy dziecko ze \u015bwietlicy czeka na zewn\u0105trz.<\/li><li>Rodzice\nmusz\u0105 liczy\u0107 si\u0119 z wyd\u0142u\u017ceniem czasu oddania i odbierania dziecka ze szko\u0142y, ze\nwzgl\u0119du na stosowane procedury.<\/li><li>Rodzic\u00f3w\nzobowi\u0105zuje si\u0119 o przekazanie powy\u017cszych zasad wszystkim osobom, kt\u00f3re b\u0119d\u0105\nprzyprowadza\u0107 dziecko oraz osobom upowa\u017cnionym do odbioru dziecka ze szko\u0142y.<\/li><\/ol>\n\n\n\n<p style=\"text-align:center\"><strong>\u00a7\n3<\/strong><\/p>\n\n\n\n<p><strong>Organizacja\nzaj\u0119\u0107 w szkole \u2013 informacje dla nauczycieli i pracownik\u00f3w\nadministracyjno-obs\u0142ugowych<\/strong><\/p>\n\n\n\n<ol><li>Pracownicy szko\u0142y powinni zwraca\u0107 szczeg\u00f3ln\u0105 uwag\u0119 na profilaktyk\u0119 zdrowotn\u0105 i do\u0142o\u017cy\u0107 wszelkich stara\u0144, by chroni\u0107 siebie, dzieci i innych pracownik\u00f3w przed zara\u017ceniem.<\/li><li>Pracownicy zostan\u0105 zaopatrzeni w \u015brodki ochrony osobistej (maseczki, r\u0119kawiczki, \u015brodki myj\u0105ce i dezynfekuj\u0105ce i w razie potrzeby przy\u0142bice i fartuchy).<\/li><li>Maseczki winny by\u0107 u\u017cywane w kontaktach z rodzicami z zachowaniem dystansu odleg\u0142o\u015bci oraz w kontaktach z osobami z zewn\u0105trz. <\/li><li>Podczas wykonywania czynno\u015bci s\u0142u\u017cbowych, wykonywanych bez kontaktu z osobami z zewn\u0105trz, \u00a0maseczk\u0119 mo\u017cna zdj\u0105\u0107, nie ma obowi\u0105zku zakrywania ust i nosa. <\/li><li>\u015arodki ochrony osobistej wielokrotnego u\u017cytku, jak np. przy\u0142bice, nale\u017cy dezynfekowa\u0107 zgodnie z zaleceniem producenta, maseczki wielokrotnego u\u017cytku nale\u017cy upra\u0107 w temperaturze co najmniej 60 stopni i wyprasowa\u0107. <\/li><li>Ka\u017cdy pracownik ma obowi\u0105zek niezw\u0142ocznego informowania dyrektora szko\u0142y o zdarzeniach mog\u0105cych mie\u0107 wp\u0142yw na bezpiecze\u0144stwo dzieci oraz pracownik\u00f3w w zakresie szerzenia si\u0119 COVID-19.<\/li><li>Przedmioty i sprz\u0119ty znajduj\u0105ce si\u0119 w sali, kt\u00f3rych nie mo\u017cna skutecznie umy\u0107, upra\u0107 lub dezynfekowa\u0107, nale\u017cy usun\u0105\u0107 lub uniemo\u017cliwi\u0107 do nich dost\u0119p. Przybory do \u0107wicze\u0144 (pi\u0142ki, skakanki, obr\u0119cze itp.) wykorzystywane podczas zaj\u0119\u0107, nale\u017cy czy\u015bci\u0107 lub dezynfekowa\u0107.<\/li><li>W sali gimnastycznej u\u017cywany sprz\u0119t sportowy, wskazany przez nauczyciela, oraz pod\u0142oga powinny zosta\u0107 umyte detergentem lub zdezynfekowane po ka\u017cdym dniu zaj\u0119\u0107, a w miar\u0119 mo\u017cliwo\u015bci cz\u0119\u015bciej. <\/li><li>Nauczyciele w klasach 1-3 organizuj\u0105 przerwy dla swoich uczni\u00f3w w interwa\u0142ach adekwatnych do potrzeb dzieci. <\/li><li>Podczas realizacji zaj\u0119\u0107, w tym zaj\u0119\u0107 wychowania fizycznego i sportowych, w kt\u00f3rych nie mo\u017cna zachowa\u0107 dystansu, nale\u017cy ograniczy\u0107 \u0107wiczenia i gry kontaktowe. <\/li><li>Nauczyciel zobowi\u0105zany jest zwraca\u0107 uwag\u0119 uczniom na konieczno\u015b\u0107 regularnego mycia r\u0105k, szczeg\u00f3lnie po przybyciu do szko\u0142y, przed jedzeniem, po skorzystaniu z toalety i po powrocie z zaj\u0119\u0107 na \u015bwie\u017cym powietrzu. <\/li><li>W razie wyst\u0105pienia niepokoj\u0105cych objaw\u00f3w nauczyciel mo\u017ce zmierzy\u0107 uczniowi\/dziecku temperatur\u0119.<\/li><li>Zasady zachowania bezpiecze\u0144stwa w czasie epidemii podczas korzystania z zaj\u0119\u0107 \u015bwietlicowych zawarte s\u0105 w regulaminie \u015bwietlicy. \u015arodki do dezynfekcji r\u0105k powinny by\u0107 rozmieszczone w \u015bwietlicy w spos\u00f3b umo\u017cliwiaj\u0105cy \u0142atwy dost\u0119p dla wychowank\u00f3w pod nadzorem opiekuna. \u015awietlic\u0119 nale\u017cy wietrzy\u0107 (nie rzadziej ni\u017c co godzin\u0119 w trakcie przebywania dzieci w \u015bwietlicy), w tym <br> w szczeg\u00f3lno\u015bci przed przyj\u0119ciem wychowank\u00f3w oraz po przeprowadzeniu dezynfekcji. <\/li><li>Personel kuchenny i pracownicy administracji oraz obs\u0142ugi sprz\u0105taj\u0105cej powinni ograniczy\u0107 kontakty z uczniami oraz nauczycielami.<\/li><li>Przeprowadzaj\u0105c dezynfekcj\u0119, nale\u017cy \u015bci\u015ble przestrzega\u0107 zalece\u0144 producenta znajduj\u0105cych si\u0119 na opakowaniu \u015brodka do dezynfekcji. Wa\u017cne jest \u015bcis\u0142e przestrzeganie czasu niezb\u0119dnego do wywietrzenia dezynfekowanych pomieszcze\u0144 i przedmiot\u00f3w, tak aby uczniowie nie byli nara\u017ceni na wdychanie opar\u00f3w \u015brodk\u00f3w s\u0142u\u017c\u0105cych do dezynfekcji.<\/li><li>Zaleca si\u0119:<\/li><li>utrzymywanie ci\u0105g\u00f3w komunikacyjnych w czysto\u015bci (pod\u0142\u00f3g szatni <br> i korytarzy) \u2013 mycie 2 razy dziennie lub cz\u0119\u015bciej w razie potrzeby,<\/li><li>dezynfekcja powierzchni dotykowych: por\u0119cze, klamki, wy\u0142\u0105czniki \u2013 raz dziennie oraz w razie potrzeby,<\/li><li>dezynfekcja sprz\u0119tu i powierzchni p\u0142askich w tym blat\u00f3w, por\u0119czy krzese\u0142 przynajmniej raz dziennie oraz w razie potrzeby, <\/li><li>dezynfekcja toalet \u2013 2 razy dziennie ca\u0142o\u015bciowo, dora\u017anie po ka\u017cdej przerwie oraz w razie potrzeby,<\/li><li>czyszczenie z u\u017cyciem detergent\u00f3w lub dezynfekcj\u0119 sprz\u0119tu na boisku co najmniej raz dziennie w dni, w kt\u00f3rych warunki pogodowe pozwalaj\u0105 na korzystanie.<\/li><li>Do obowi\u0105zk\u00f3w personelu obs\u0142ugi nale\u017cy tak\u017ce: <\/li><li>sprawdzanie poziomu p\u0142yn\u00f3w do dezynfekcji r\u0105k w pojemnikach umieszczonych przy wej\u015bciu do szko\u0142y oraz w u\u017cytkowanych salach <br> i pomieszczeniach i bie\u017c\u0105ce uzupe\u0142nianie, <\/li><li>nape\u0142nianie i uzupe\u0142nianie podajnik\u00f3w i dozownik\u00f3w w toaletach, a tak\u017ce ich mycie i dezynfekowanie, <\/li><li>wymiana work\u00f3w w koszach na \u015bmieci, opr\u00f3\u017cnianie koszy oraz ich mycie i dezynfekcja.<\/li><\/ol>\n\n\n\n<p style=\"text-align:center\"><strong>\u00a7 4<\/strong><\/p>\n\n\n\n<p><strong>Zasady\nkorzystania z biblioteki szkolnej<\/strong><\/p>\n\n\n\n<ol><li>Harmonogram\npracy biblioteki b\u0119dzie dostosowany do potrzeb i mo\u017cliwo\u015bci szko\u0142y; b\u0119dzie\nudost\u0119pniony w dzienniku elektronicznym.<\/li><li>Nauczyciele\nbibliotekarze okre\u015bl\u0105 liczb\u0119 os\u00f3b mog\u0105cych jednocze\u015bnie wypo\u017cycza\u0107\/oddawa\u0107\nksi\u0105\u017cki.<\/li><li>Korzystanie\nz Centrum Multimedialnego b\u0119dzie si\u0119 odbywa\u0107 w ograniczonym zakresie \u2013 zasady\nzostan\u0105 okre\u015blone w regulaminie biblioteki.<\/li><li>Zaleca\nsi\u0119 jak najcz\u0119stsze wietrzenie pomieszczenia oraz dezynfekcj\u0119 klamek, blat\u00f3w,\nw\u0142\u0105cznik\u00f3w \u015bwiat\u0142a i innych powierzchni lub element\u00f3w wyposa\u017cenia cz\u0119sto\nu\u017cywanych co najmniej raz dziennie.<\/li><li>Po\nprzyj\u0119ciu ksi\u0105\u017cek od czytelnika nale\u017cy ka\u017cdorazowo zdezynfekowa\u0107 r\u0119ce <br>\ni zdezynfekowa\u0107 blat, na kt\u00f3rym le\u017ca\u0142y ksi\u0105\u017cki.<\/li><li>Przyj\u0119te\nksi\u0105\u017cki nale\u017cy od\u0142o\u017cy\u0107 na okres minimum 2 dni do skrzyni, pud\u0142a, torby lub na\nwydzielone p\u00f3\u0142ki, oznaczone dat\u0105 zwrotu, odizolowane od innych egzemplarzy. <\/li><\/ol>\n\n\n\n<p style=\"text-align:center\"><strong>\u00a7 5<\/strong><\/p>\n\n\n\n<p><strong>Zasady\nfunkcjonowania sto\u0142\u00f3wki<\/strong><\/p>\n\n\n\n<ol><li>Personel\nkuchenny firmy cateringowej musi przestrzega\u0107 zasad szczeg\u00f3lnej ostro\u017cno\u015bci w zakresie\nzabezpieczenia epidemiologicznego:<\/li><li>ograniczy\u0107\nkontakty z pracownikami szko\u0142y oraz dzie\u0107mi,<\/li><li>zachowa\u0107\nodleg\u0142o\u015b\u0107 stanowisk pracy min. 1,5 m,<\/li><li>stosowa\u0107\n\u015brodki ochrony osobistej.<\/li><li>Szczeg\u00f3ln\u0105\nuwag\u0119 nale\u017cy zwraca\u0107 na utrzymanie wysokiej higieny. <\/li><li>Nale\u017cy\nbezwzgl\u0119dnie dba\u0107 o czysto\u015b\u0107 i dezynfekcj\u0119 pomieszcze\u0144 kuchennych, my\u0107 i dezynfekowa\u0107\nstanowiska pracy, opakowania produkt\u00f3w, sprz\u0119t kuchenny. <\/li><li>Pracownicy\nfirmy cateringowej w spos\u00f3b szczeg\u00f3lny musz\u0105 dba\u0107 o w\u0142a\u015bciw\u0105 higien\u0119 r\u0105k poprzez\nmycie i dezynfekcj\u0119, m.in.:<\/li><li>przed\nrozpocz\u0119ciem pracy,<\/li><li>przed\nkontaktem z \u017cywno\u015bci\u0105, kt\u00f3ra jest przeznaczona do bezpo\u015bredniego spo\u017cycia,<\/li><li>po\nzajmowaniu si\u0119 odpadami, \u015bmieciami,<\/li><li>po\nzako\u0144czeniu procedur czyszczenia, dezynfekcji,<\/li><li>po\nskorzystaniu z toalety,<\/li><li>po\nkaszlu, kichaniu, wydmuchiwaniu nosa,<\/li><li>po\njedzeniu, piciu.<\/li><li>Na\nsto\u0142\u00f3wce mo\u017ce przebywa\u0107 tylko jedna grupa wraz z nauczycielem, przy czym uznaje\nsi\u0119, \u017ce uczniowie spo\u017cywaj\u0105cy posi\u0142ek w trakcie danej przerwy obiadowej\nstanowi\u0105 grup\u0119.<\/li><li>Nast\u0119pna\ngrupa mo\u017ce wej\u015b\u0107 na sto\u0142\u00f3wk\u0119 po wykonaniu przez personel szko\u0142y czynno\u015bci\ndezynfekcyjno-porz\u0105dkowych i po czasie, kt\u00f3ry wynika ze specyfikacji produkt\u00f3w\nu\u017cytych do dezynfekcji.<\/li><li>Przygotowane\nposi\u0142ki nale\u017cy wydawa\u0107 przez okienko podawcze. Posi\u0142ki odbieraj\u0105 pojedynczo\ndzieci lub, je\u015bli jest taka potrzeba, nauczyciel opiekuj\u0105cy si\u0119 grup\u0105.<\/li><li>Naczynia\npo posi\u0142kach s\u0105 odnoszone pojedynczo przez uczni\u00f3w do okienka \u201ezwrot naczy\u0144\u201d,\nsk\u0105d s\u0105 na bie\u017c\u0105co odbierane do mycia przez wyznaczonego pracownika kuchni.<\/li><li>&nbsp;Naczynia nale\u017cy my\u0107 w zmywarce z funkcj\u0105 wyparzania\nw temperaturze co najmniej 60 stopni z wykorzystaniem \u015brodk\u00f3w myj\u0105cych.<\/li><\/ol>\n\n\n\n<p style=\"text-align:center\"><strong>\u00a7 6<\/strong><\/p>\n\n\n\n<p><strong>Zasady\ndostarczania i przyjmowania towaru do kuchni<\/strong><\/p>\n\n\n\n<ol><li>Dostawcy\nposi\u0142k\u00f3w powinni by\u0107 zaopatrzeni w maseczki, r\u0119kawiczki i inne \u015brodki ochrony\nosobistej.<\/li><li>Przywo\u017cony\ntowar \u2013 przywo\u017cone obiady \u2013 musz\u0105 by\u0107 opakowane i zabezpieczone przed\nuszkodzeniem.<\/li><li>Towar\ndostawcy wystawiaj\u0105 przed wej\u015bciem do szko\u0142y.<\/li><li>Dostawcy\nnie mog\u0105 wchodzi\u0107 na teren szko\u0142y ani kontaktowa\u0107 si\u0119 bezpo\u015brednio z pracownikami;\nw razie potrzeby zalecany jest kontakt telefoniczny lub mailowy.<\/li><\/ol>\n\n\n\n<p style=\"text-align:center\"><strong>\u00a7 7<\/strong><strong><em><\/em><\/strong><\/p>\n\n\n\n<p><strong>Post\u0119powanie\nw przypadku podejrzenia choroby zaka\u017anej u dziecka<\/strong><\/p>\n\n\n\n<ol><li>Je\u017celi rodzice dziecka zauwa\u017c\u0105 niepokoj\u0105ce objawy\nu siebie lub swojego dziecka, nie mog\u0105 przychodzi\u0107 do szko\u0142y. <\/li><li>O podejrzeniu choroby musz\u0105 niezw\u0142ocznie poinformowa\u0107\ndyrektora, a tak\u017ce skontaktowa\u0107 si\u0119 telefonicznie ze stacj\u0105\nsanitarno-epidemiologiczn\u0105 lub oddzia\u0142em zaka\u017anym.<\/li><li>Nauczyciel, kt\u00f3ry zauwa\u017cy\u0142 u dziecka oznaki\nchoroby, niezw\u0142ocznie powiadamia dyrektora szko\u0142y<\/li><li>W szkole jest przygotowane pomieszczenie, tzw. Izolatorium,\ns\u0142u\u017c\u0105ce do odizolowania dziecka\/ucznia, u kt\u00f3rego zaobserwowano podczas pobytu\nw szkole oznaki chorobowe. <\/li><li>Izolatorium to jest wyposa\u017cone w \u015brodki ochrony\nosobistej oraz \u015brodki do dezynfekcji. <\/li><li>W izolatorium dziecko przebywa pod opiek\u0105\nnauczyciela z zapewnieniem minimum 2 m odleg\u0142o\u015bci i \u015brodk\u00f3w bezpiecze\u0144stwa, w\noczekiwaniu na rodzic\u00f3w\/opiekun\u00f3w prawnych, kt\u00f3rzy musz\u0105 jak najszybciej\nodebra\u0107 dziecko ze szko\u0142y.<\/li><li>O zaistnia\u0142ej sytuacji dyrektor, wicedyrektor lub inna\nwyznaczona osoba niezw\u0142ocznie powiadamia rodzic\u00f3w dziecka, SANEPiD w Tychach (nr tel. 512&nbsp;370&nbsp;717;\n517&nbsp;497 829) oraz organ prowadz\u0105cy szko\u0142\u0119.<\/li><li>Dalsze kroki podejmuje\ndyrektor w porozumieniu z organem prowadz\u0105cym i o podj\u0119tych dzia\u0142aniach niezw\u0142oczne\ninformuje rodzic\u00f3w i pracownik\u00f3w szko\u0142y.<\/li><li>Obszar, w kt\u00f3rym przebywa\u0142 i porusza\u0142 si\u0119 ucze\u0144\nnale\u017cy podda\u0107 gruntownemu sprz\u0105taniu, zgodnie z funkcjonuj\u0105cymi w szkole\nprocedurami oraz zdezynfekowa\u0107 powierzchnie dotykowe (klamki, por\u0119cze, uchwyty\nitp.).<\/li><li>Nale\u017cy\nustali\u0107 liczb\u0119 os\u00f3b przebywaj\u0105cych w tym samym czasie <br>\nw cz\u0119\u015bci\/cz\u0119\u015bciach plac\u00f3wki, w kt\u00f3rych przebywa\u0142o dziecko podejrzane <br>\no zaka\u017cenie i zastosowa\u0107 si\u0119 do&nbsp;wytycznych GIS odnosz\u0105cych si\u0119 do os\u00f3b,\nkt\u00f3re mia\u0142y kontakt z zaka\u017conym.<\/li><\/ol>\n\n\n\n<p style=\"text-align:center\"><strong>\u00a7 8<\/strong><\/p>\n\n\n\n<p><strong>Post\u0119powanie\nw przypadku podejrzenia zaka\u017cenia u pracownika szko\u0142y<\/strong><\/p>\n\n\n\n<ol><li>Pracownik\nnie powinien przychodzi\u0107 do pracy w razie wyst\u0105pienia niepokoj\u0105cych objaw\u00f3w. <\/li><li>Pracownik\no niepokoj\u0105cych objawach powinien niezw\u0142ocznie powiadomi\u0107 dyrektora szko\u0142y i skontaktowa\u0107\nsi\u0119 ze stacj\u0105 sanitarno\u2013epidemiologiczn\u0105, oddzia\u0142em zaka\u017anym szpitala, a w razie\npogarszaj\u0105cego si\u0119 stanu zdrowia zadzwoni\u0107 na pogotowie pod numer 999 lub 112.<\/li><li>Je\u015bli\nstan choroby ujawni si\u0119 podczas pracy w szkole, pracownik natychmiast\npowiadamia dyrektora lub osoby uprawnione i izoluje si\u0119 od wszystkich os\u00f3b <br>\nw izolatorium.<\/li><li>Dyrektor\nszko\u0142y powiadamia o sytuacji, o kt\u00f3rej mowa w p.2, odpowiednie s\u0142u\u017cby\nsanitarne, medyczne i organ prowadz\u0105cy.<\/li><li>W pomieszczeniu\npe\u0142ni\u0105cym rol\u0119 izolatorium nie mog\u0105 przebywa\u0107 inne osoby.<\/li><li>Pracownik\nz podejrzeniem zachorowania, o ile jej\/jego stan zdrowia na to pozwoli, b\u0119dzie przebywa\u0107\nw wyznaczonym pomieszczeniu sam do czasu przybycia odpowiednich s\u0142u\u017cb. <\/li><li>Obszar,\nw kt\u00f3rym porusza\u0142 si\u0119 i przebywa\u0142 pracownik, nale\u017cy podda\u0107 gruntownemu\nsprz\u0105taniu oraz zdezynfekowa\u0107 powierzchnie dotykowe (klamki, por\u0119cze, uchwyty\nitp.);<\/li><li>Nale\u017cy\nstosowa\u0107 si\u0119 do zalece\u0144 inspekcji sanitarnej przy ustaleniu, czy nale\u017cy wdro\u017cy\u0107\ndodatkowe procedury, bior\u0105c pod uwag\u0119 zaistnia\u0142y przypadek.<\/li><li>Zalecane\njest ustalenie listy os\u00f3b przebywaj\u0105cych w tym samym czasie w cz\u0119\u015bci budynku, w\nkt\u00f3rych przebywa\u0142a osoba podejrzana o zaka\u017cenie. <\/li><li>O zaistnia\u0142ym\nprzypadku choroby lub podejrzeniu zara\u017cenia nale\u017cy powiadomi\u0107 wszystkich pracownik\u00f3w\noraz rodzic\u00f3w.<\/li><\/ol>\n\n\n\n<p style=\"text-align:center\"><strong>\u00a7 9<\/strong><\/p>\n\n\n\n<p><strong>Post\u0119powanie\nz pomieszczeniami, w przypadku podejrzenia <\/strong><strong>zaka\u017cenia<\/strong><strong>\nu ucznia lub pracownika<\/strong><\/p>\n\n\n\n<p>W\nprzypadku, gdy ucze\u0144 lub pracownik SP nr 14 zosta\u0142 skierowany <br>\ndo szpitala z podejrzeniem koronawirusa, dyrektor w porozumieniu z w\u0142a\u015bciwym\npa\u0144stwowym inspektorem sanitarnym mo\u017ce podj\u0105\u0107 decyzj\u0119 o zamkni\u0119ciu instytucji\nna czas niezb\u0119dny do wykonania koniecznych czynno\u015bci\nsanitarno-epidemiologicznych. <strong><\/strong><\/p>\n\n\n\n<p style=\"text-align:center\"><strong>\u00a710<\/strong><\/p>\n\n\n\n<p><strong>Postanowienia\n<\/strong><strong>ko\u0144cowe<\/strong><strong><\/strong><\/p>\n\n\n\n<ol><li>Procedura\nwchodzi w \u017cycie z dniem podpisania i obowi\u0105zuje do odwo\u0142ania.<\/li><li>Procedura\nmo\u017ce by\u0107 modyfikowana.<\/li><li>Procedura\nzostanie opublikowana na stronie szko\u0142y, przes\u0142ana jako wiadomo\u015b\u0107 w dzienniku\nelektronicznym do nauczycieli, rodzic\u00f3w i uczni\u00f3w oraz udost\u0119pniona w formie\npapierowej w sekretariacie szko\u0142y.<\/li><li>Pracownicy\nadministracji i obs\u0142ugi zostan\u0105 zapoznani z procedur\u0105 podczas szkolenia.<\/li><li>O\nwszelkich zmianach w procedurze b\u0119d\u0105 niezw\u0142ocznie powiadamiane osoby\nzainteresowane.<\/li><\/ol>\n","protected":false},"excerpt":{"rendered":"<p>PROCEDURY BEZPIECZE\u0143STWA W OKRESIE PANDEMII COVID-19 \ufeffNA TERENIE Szko\u0142y Podstawowej nr 14 z Oddzia\u0142ami Dwuj\u0119zycznymi im. Armii Krajowej w Tychach Aktualizacja na dzie\u0144 1 wrze\u015bnia 2020 r. \u00a7 1 Og\u00f3lne zasady organizacji pracy Szko\u0142a Podstawowa nr 14 z Oddzia\u0142ami Dwuj\u0119zycznymi im. Armii Krajowej w Tychach wznawia funkcjonowanie z uwzgl\u0119dnieniem wytycznych G\u0142\u00f3wnego Inspektora Sanitarnego, Ministra Zdrowia, [&hellip;]<\/p>\n","protected":false},"author":1,"featured_media":0,"parent":0,"menu_order":0,"comment_status":"closed","ping_status":"closed","template":"","meta":{"_mi_skip_tracking":false},"_links":{"self":[{"href":"https:\/\/www.sp14.tychy.pl\/index.php?rest_route=\/wp\/v2\/pages\/8209"}],"collection":[{"href":"https:\/\/www.sp14.tychy.pl\/index.php?rest_route=\/wp\/v2\/pages"}],"about":[{"href":"https:\/\/www.sp14.tychy.pl\/index.php?rest_route=\/wp\/v2\/types\/page"}],"author":[{"embeddable":true,"href":"https:\/\/www.sp14.tychy.pl\/index.php?rest_route=\/wp\/v2\/users\/1"}],"replies":[{"embeddable":true,"href":"https:\/\/www.sp14.tychy.pl\/index.php?rest_route=%2Fwp%2Fv2%2Fcomments&post=8209"}],"version-history":[{"count":2,"href":"https:\/\/www.sp14.tychy.pl\/index.php?rest_route=\/wp\/v2\/pages\/8209\/revisions"}],"predecessor-version":[{"id":8211,"href":"https:\/\/www.sp14.tychy.pl\/index.php?rest_route=\/wp\/v2\/pages\/8209\/revisions\/8211"}],"wp:attachment":[{"href":"https:\/\/www.sp14.tychy.pl\/index.php?rest_route=%2Fwp%2Fv2%2Fmedia&parent=8209"}],"curies":[{"name":"wp","href":"https:\/\/api.w.org\/{rel}","templated":true}]}}